{"id":6,"date":"2024-11-26T13:47:41","date_gmt":"2024-11-26T11:47:41","guid":{"rendered":"http:\/\/localhost\/verneri\/selko-dev\/?page_id=6"},"modified":"2025-10-23T11:13:58","modified_gmt":"2025-10-23T08:13:58","slug":"kirjeenvaihto","status":"publish","type":"page","link":"https:\/\/verneri.net\/selko\/kirjeenvaihto\/","title":{"rendered":"Kirjeenvaihto"},"content":{"rendered":"<p>Kirjeenvaihtopalstalta voit l\u00f6yt\u00e4\u00e4 seuraa. Voit l\u00e4hett\u00e4\u00e4 palstalle oman ilmoituksen tai vastata muiden ilmoituksiin.<\/p>\n<p>Valitse alla olevista painikkeista, millaista seuraa etsit.<\/p>\n","protected":false},"excerpt":{"rendered":"<p>Kirjeenvaihtopalstalta voit l\u00f6yt\u00e4\u00e4 seuraa. Voit l\u00e4hett\u00e4\u00e4 palstalle oman ilmoituksen tai vastata muiden ilmoituksiin. Valitse alla olevista painikkeista, millaista seuraa etsit.<\/p>\n","protected":false},"author":1,"featured_media":17072,"parent":0,"menu_order":145,"comment_status":"closed","ping_status":"closed","template":"page-osiosivu-kirjeenvaihto.php","meta":{"_acf_changed":false,"footnotes":""},"class_list":["post-6","page","type-page","status-publish","has-post-thumbnail","hentry"],"acf":[],"_links":{"self":[{"href":"https:\/\/verneri.net\/selko\/wp-json\/wp\/v2\/pages\/6","targetHints":{"allow":["GET"]}}],"collection":[{"href":"https:\/\/verneri.net\/selko\/wp-json\/wp\/v2\/pages"}],"about":[{"href":"https:\/\/verneri.net\/selko\/wp-json\/wp\/v2\/types\/page"}],"author":[{"embeddable":true,"href":"https:\/\/verneri.net\/selko\/wp-json\/wp\/v2\/users\/1"}],"replies":[{"embeddable":true,"href":"https:\/\/verneri.net\/selko\/wp-json\/wp\/v2\/comments?post=6"}],"version-history":[{"count":0,"href":"https:\/\/verneri.net\/selko\/wp-json\/wp\/v2\/pages\/6\/revisions"}],"wp:featuredmedia":[{"embeddable":true,"href":"https:\/\/verneri.net\/selko\/wp-json\/wp\/v2\/media\/17072"}],"wp:attachment":[{"href":"https:\/\/verneri.net\/selko\/wp-json\/wp\/v2\/media?parent=6"}],"curies":[{"name":"wp","href":"https:\/\/api.w.org\/{rel}","templated":true}]}}