{"id":61,"date":"2023-04-20T09:57:19","date_gmt":"2023-04-20T06:57:19","guid":{"rendered":"http:\/\/localhost\/verneri\/selko-dev\/hyvinvointi\/vammaisten-oikeudet\/sina-paatat\/"},"modified":"2025-12-11T15:30:30","modified_gmt":"2025-12-11T13:30:30","slug":"oikeus-paattaa","status":"publish","type":"page","link":"https:\/\/verneri.net\/selko\/hyvinvointi\/vammaisten-oikeudet\/oikeus-paattaa\/","title":{"rendered":"Oikeus p\u00e4\u00e4tt\u00e4\u00e4"},"content":{"rendered":"<p>Itsem\u00e4\u00e4r\u00e4\u00e4misoikeus on ihmisoikeus, joka kuuluu kaikille. Jokaisella on oikeus p\u00e4\u00e4tt\u00e4\u00e4 omista asioistaan.<\/p>\n<p>Sinulla on oikeus p\u00e4\u00e4tt\u00e4\u00e4 esimerkiksi siit\u00e4<\/p>\n<ul>\n<li>miss\u00e4 ja miten asut<\/li>\n<li>kenen kanssa seurustelet<\/li>\n<li>millaista ty\u00f6t\u00e4 teet<\/li>\n<li>mit\u00e4 harrastat.<\/li>\n<\/ul>\n<h2>P\u00e4\u00e4t\u00f6ksi\u00e4 ei tarvitse tehd\u00e4 yksin<\/h2>\n<p>Omista asioista p\u00e4\u00e4tt\u00e4minen ei ole aina helppoa. Onneksi p\u00e4\u00e4t\u00f6ksi\u00e4 ja valintoja ei tarvitse tehd\u00e4 yksin. Voit saada p\u00e4\u00e4tt\u00e4miseen apua ja tukea.<\/p>\n<p>Voit saada tukea esimerkiksi<\/p>\n<ul>\n<li>perheenj\u00e4senelt\u00e4<\/li>\n<li>yst\u00e4v\u00e4lt\u00e4<\/li>\n<li>naapurilta<\/li>\n<li>avustajalta<\/li>\n<li>ohjaajalta<\/li>\n<li>sosiaality\u00f6ntekij\u00e4lt\u00e4.<\/li>\n<\/ul>\n<p>Voit saada p\u00e4\u00e4tt\u00e4miseen monenlaista tukea.<\/p>\n<p>Toiset ihmiset voivat auttaa esimerkiksi<\/p>\n<ul>\n<li>etsim\u00e4\u00e4n tietoa<\/li>\n<li>ymm\u00e4rt\u00e4m\u00e4\u00e4n vaikeita asioita<\/li>\n<li>miettim\u00e4\u00e4n valintojen seurauksia<\/li>\n<li>pohtimaan erilaisten ratkaisujen hyvi\u00e4 ja huonoja puolia.<\/li>\n<\/ul>\n<h2>Tietoa ymm\u00e4rrett\u00e4v\u00e4ss\u00e4 muodossa<\/h2>\n<p>Asioita on vaikea p\u00e4\u00e4tt\u00e4\u00e4, jos niist\u00e4 ei tied\u00e4 tarpeeksi. Siksi on t\u00e4rke\u00e4\u00e4, ett\u00e4 saat riitt\u00e4v\u00e4sti tietoa sinulle t\u00e4rkeist\u00e4 asioita.<\/p>\n<p>On t\u00e4rke\u00e4\u00e4, ett\u00e4 saat tietoa siit\u00e4, millaisia vaihtoehtoja sinulla on.<\/p>\n<p>Sinulla on oikeus saada tietoa esimerkiksi siit\u00e4,<\/p>\n<ul>\n<li>millaisia asumisen vaihtoehtoja sinulla on<\/li>\n<li>mit\u00e4 voit opiskella<\/li>\n<li>millaista ty\u00f6t\u00e4 voit tehd\u00e4<\/li>\n<li>miten voit tutustua ihmisiin<\/li>\n<li>mit\u00e4 voit harrastaa<\/li>\n<li>millaisiin palveluihin sinulla on oikeus.<\/li>\n<\/ul>\n<p>Sinulla on oikeus saada tietoa juuri sinulle sopivassa muodossa. Voit saada tietoa esimerkiksi selkokielell\u00e4 tai kuvilla tuettuna.<\/p>\n<h2>Oikeus tehd\u00e4 huonoja p\u00e4\u00e4t\u00f6ksi\u00e4<\/h2>\n<p>P\u00e4\u00e4t\u00f6ksien tekeminen ei ole aina helppoa. Kaikki tekev\u00e4t joskus huonoja valintoja ja v\u00e4\u00e4ri\u00e4 p\u00e4\u00e4t\u00f6ksi\u00e4. Niist\u00e4 oppii.<\/p>\n<p>Onneksi p\u00e4\u00e4tt\u00e4mist\u00e4 voi my\u00f6s opetella. Voit harjoitella p\u00e4\u00e4tt\u00e4mist\u00e4 esimerkiksi kaverin, l\u00e4heisen ihmisen ja ohjaajan kanssa.<\/p>\n<p><strong>Teksti:<\/strong> Jenni Sipil\u00e4, 2023<\/p>\n<p><strong>Lis\u00e4tietoa selkokielell\u00e4:<\/strong> <a href=\"https:\/\/www.tukiliitto.fi\/oikeudet\/itsemaaraamisoikeus\/\" target=\"_blank\" rel=\"noopener\">Itsem\u00e4\u00e4r\u00e4\u00e4misoikeus<\/a> (tukiliitto.fi)<\/p>\n<p><em>Kysytt\u00e4v\u00e4\u00e4 itsem\u00e4\u00e4r\u00e4\u00e4misoikeudesta?<\/em><\/p>\n<p><a href=\"https:\/\/verneri.net\/selko\/verkko-kerttu\/kysy-kertulta\/\">Kysy Kertulta<\/a><\/p>\n","protected":false},"excerpt":{"rendered":"<p>Itsem\u00e4\u00e4r\u00e4\u00e4misoikeus on ihmisoikeus, joka kuuluu kaikille. Jokaisella on oikeus p\u00e4\u00e4tt\u00e4\u00e4 omista asioistaan. Sinulla on oikeus p\u00e4\u00e4tt\u00e4\u00e4 esimerkiksi siit\u00e4 miss\u00e4 ja [&hellip;]<\/p>\n","protected":false},"author":1,"featured_media":17010,"parent":15,"menu_order":31,"comment_status":"closed","ping_status":"closed","template":"","meta":{"_acf_changed":false,"footnotes":""},"class_list":["post-61","page","type-page","status-publish","has-post-thumbnail","hentry"],"acf":[],"_links":{"self":[{"href":"https:\/\/verneri.net\/selko\/wp-json\/wp\/v2\/pages\/61","targetHints":{"allow":["GET"]}}],"collection":[{"href":"https:\/\/verneri.net\/selko\/wp-json\/wp\/v2\/pages"}],"about":[{"href":"https:\/\/verneri.net\/selko\/wp-json\/wp\/v2\/types\/page"}],"author":[{"embeddable":true,"href":"https:\/\/verneri.net\/selko\/wp-json\/wp\/v2\/users\/1"}],"replies":[{"embeddable":true,"href":"https:\/\/verneri.net\/selko\/wp-json\/wp\/v2\/comments?post=61"}],"version-history":[{"count":0,"href":"https:\/\/verneri.net\/selko\/wp-json\/wp\/v2\/pages\/61\/revisions"}],"up":[{"embeddable":true,"href":"https:\/\/verneri.net\/selko\/wp-json\/wp\/v2\/pages\/15"}],"wp:featuredmedia":[{"embeddable":true,"href":"https:\/\/verneri.net\/selko\/wp-json\/wp\/v2\/media\/17010"}],"wp:attachment":[{"href":"https:\/\/verneri.net\/selko\/wp-json\/wp\/v2\/media?parent=61"}],"curies":[{"name":"wp","href":"https:\/\/api.w.org\/{rel}","templated":true}]}}