{"id":64,"date":"2024-12-02T09:05:56","date_gmt":"2024-12-02T07:05:56","guid":{"rendered":"http:\/\/localhost\/verneri\/selko-dev\/hyvinvointi\/vaikuttaminen\/demokratia-ja-vaikuttaminen\/"},"modified":"2025-09-11T09:10:42","modified_gmt":"2025-09-11T06:10:42","slug":"vaikuta-yhteisiin-asioihin","status":"publish","type":"page","link":"https:\/\/verneri.net\/selko\/hyvinvointi\/vaikuttaminen\/vaikuta-yhteisiin-asioihin\/","title":{"rendered":"Vaikuta yhteisiin asioihin"},"content":{"rendered":"<p>Suomessa jokaisella on oikeus vaikuttaa yhteisiin asioihin ja kertoa oma mielipiteens\u00e4.<\/p>\n<p>T\u00e4ll\u00e4 sivuilla on tietoa siit\u00e4, miten sin\u00e4 voit vaikuttaa yhteisiin asioihin.<\/p>\n<h2>\u00c4\u00e4nest\u00e4m\u00e4ll\u00e4 voit vaikuttaa<\/h2>\n<p>\u00c4\u00e4nest\u00e4minen vaaleissa on hyv\u00e4 tapa vaikuttaa yhteisiin asioihin.<\/p>\n<p>Suomessa j\u00e4rjestet\u00e4\u00e4n<\/p>\n<ul>\n<li><span data-contrast=\"auto\">kunnallisvaalit<\/span><\/li>\n<li>aluevaalit<\/li>\n<li><span data-contrast=\"auto\">eduskuntavaalit<\/span><\/li>\n<li><span data-contrast=\"auto\">europarlamenttivaalit<\/span><\/li>\n<li>presidentinvaalit.<\/li>\n<\/ul>\n<p>Vaaleissa \u00e4\u00e4nest\u00e4t edustajia p\u00e4\u00e4tt\u00e4m\u00e4\u00e4n yhteisist\u00e4 asioista.<\/p>\n<p>Voit my\u00f6s itse asettua ehdolle vaaleissa. Esimerkiksi kehitysvammaisuus tai edunvalvonta eiv\u00e4t est\u00e4 ehdokkuutta.<\/p>\n<h2>Monta tapaa vaikuttaa<\/h2>\n<p>\u00c4\u00e4nest\u00e4misen lis\u00e4ksi voit vaikuttaa my\u00f6s muilla tavoin.<\/p>\n<p>Voit esimerkiksi kertoa oman mielipiteesi suoraan p\u00e4\u00e4tt\u00e4jille. Voit l\u00e4hett\u00e4\u00e4 heille s\u00e4hk\u00f6postia tai tavata heit\u00e4.<\/p>\n<p>Asioihin voi vaikuttaa my\u00f6s julkisuuden avulla. Voit ottaa yhteytt\u00e4 esimerkiksi lehden toimitukseen tai kirjoittaa mielipidekirjoituksen.<\/p>\n<p>Voit my\u00f6s j\u00e4rjest\u00e4\u00e4 mielenosoituksen ja osallistua muiden j\u00e4rjest\u00e4miin mielenosoituksiin.<\/p>\n<p>Sekin on vaikuttamista, ett\u00e4 osallistut keskusteluun netiss\u00e4 ja sosiaalisessa mediassa. Voit kirjoittaa vaikka blogia, jossa kerrot kokemuksistasi. Tai voit julkaista videoita mielipiteist\u00e4si.<\/p>\n<h2>Kansalaisaloitteella voit vaikuttaa lakeihin<\/h2>\n<p>Aloitteet ovat hyv\u00e4 tapa n\u00e4ytt\u00e4\u00e4 p\u00e4\u00e4tt\u00e4jille, ett\u00e4 moni ihminen haluaa vaikuttaa samaan asiaan.<\/p>\n<p>Kansalaisaloitteella voit vaikuttaa lains\u00e4\u00e4d\u00e4nt\u00f6\u00f6n.<\/p>\n<p>Kansalaisaloitteella voit ehdottaa<\/p>\n<ul>\n<li>uutta lakia<\/li>\n<li>muutosta nykyiseen lakiin<\/li>\n<li>nykyisen lain kumoamista.<\/li>\n<\/ul>\n<p>Kansalaisaloite etenee eduskunnan k\u00e4sitelt\u00e4v\u00e4ksi, jos se on ker\u00e4nnyt v\u00e4hint\u00e4\u00e4n 50 000 kannatusilmoitusta kuudessa kuukaudessa.<\/p>\n<p>Kuntalaisaloitteella voit tehd\u00e4 kunnalle ehdotuksia kunnan asioista.<\/p>\n<h2>P\u00e4\u00e4tt\u00e4j\u00e4t kuuntelevat yhdistyksi\u00e4<\/h2>\n<p>Suomessa on paljon yhdistyksi\u00e4, jotka toimivat tietyn asian hyv\u00e4ksi. P\u00e4\u00e4tt\u00e4j\u00e4t kuuntelevat yhdistyksi\u00e4, sill\u00e4 ne edustavat suuria ihmisryhmi\u00e4.<\/p>\n<p>Hyv\u00e4 tapa vaikuttaa on liitty\u00e4 yhdistykseen. Osallistumalla yhdistyksen toimintaan voit vaikuttaa yhdess\u00e4 muiden ihmisten kanssa.<\/p>\n<p>Esimerkiksi Me Itse on kehitysvammaisten ihmisten oma yhdistys. Se vaikuttaa kehitysvammaisten ihmisten asioihin, kuten asumiseen, ty\u00f6h\u00f6n ja itsen\u00e4iseen el\u00e4m\u00e4\u00e4n.<\/p>\n<p><strong>Vaikuttajan muistilista:<\/strong><\/p>\n<ul>\n<li>\u00c4\u00e4nest\u00e4 vaaleissa.<\/li>\n<li>Osallistu j\u00e4rjest\u00f6n toimintaan.<\/li>\n<li>Kerro muille ihmisille ajatuksistasi ja kokemuksistasi.<\/li>\n<li>Ota yhteytt\u00e4 toimittajiin ja p\u00e4\u00e4tt\u00e4jiin.<\/li>\n<li>Kirjoita mielipidekirjoitus.<\/li>\n<li>J\u00e4rjest\u00e4 mielenilmaus.<\/li>\n<li>Tee kansalaisaloite tai kuntalaisaloite.<\/li>\n<\/ul>\n<p><strong>Kysymyksi\u00e4 pohdittavaksi:<\/strong><\/p>\n<ul>\n<li>Mihin asioihin sin\u00e4 haluat vaikuttaa, mit\u00e4 sin\u00e4 haluat muuttaa?<\/li>\n<li>Miten voit vaikuttaa asioihin, jotka ovat sinulle t\u00e4rkeit\u00e4?<\/li>\n<\/ul>\n<p><strong>Teksti:<\/strong> Jenni Sipil\u00e4, 2023<br \/>\n<strong>Kuvat:<\/strong> Laura Vesa<\/p>\n<p><strong>Lue lis\u00e4\u00e4:<\/strong><\/p>\n<ul>\n<li><a href=\"https:\/\/www.tukiliitto.fi\/wp-content\/uploads\/2017\/09\/kansalaisen_vaikuttamisopas.pdf\" target=\"_blank\" rel=\"noopener\">Kansalaisen vaikuttamisopas<\/a> (tukiliitto.fi)<\/li>\n<li><a href=\"https:\/\/www.eduskunta.fi\/FI\/selkosuomi\/Sivut\/default.aspx\" target=\"_blank\" rel=\"noopener\">Demokratiassa valta on kansalla<\/a> (eduskunta.fi)<\/li>\n<li><a href=\"https:\/\/vaalit.fi\/\" target=\"_blank\" rel=\"noopener\">Vaalit<\/a> (vaalit.fi)<\/li>\n<li><a href=\"https:\/\/www.kansalaisaloite.fi\/\" target=\"_blank\" rel=\"noopener\">Kansalaisaloitepalvelu<\/a> (kansalaisaloite.fi)<\/li>\n<li><a href=\"https:\/\/www.kuntalaisaloite.fi\/\" target=\"_blank\" rel=\"noopener\">Kuntalaisaloitepalvelu<\/a> (kuntalaisaloite.fi)<\/li>\n<\/ul>\n","protected":false},"excerpt":{"rendered":"<p>Suomessa jokaisella on oikeus vaikuttaa yhteisiin asioihin ja kertoa oma mielipiteens\u00e4. T\u00e4ll\u00e4 sivuilla on tietoa siit\u00e4, miten sin\u00e4 voit vaikuttaa [&hellip;]<\/p>\n","protected":false},"author":1,"featured_media":16985,"parent":16,"menu_order":267,"comment_status":"closed","ping_status":"closed","template":"","meta":{"_acf_changed":false,"footnotes":""},"class_list":["post-64","page","type-page","status-publish","has-post-thumbnail","hentry"],"acf":[],"_links":{"self":[{"href":"https:\/\/verneri.net\/selko\/wp-json\/wp\/v2\/pages\/64","targetHints":{"allow":["GET"]}}],"collection":[{"href":"https:\/\/verneri.net\/selko\/wp-json\/wp\/v2\/pages"}],"about":[{"href":"https:\/\/verneri.net\/selko\/wp-json\/wp\/v2\/types\/page"}],"author":[{"embeddable":true,"href":"https:\/\/verneri.net\/selko\/wp-json\/wp\/v2\/users\/1"}],"replies":[{"embeddable":true,"href":"https:\/\/verneri.net\/selko\/wp-json\/wp\/v2\/comments?post=64"}],"version-history":[{"count":0,"href":"https:\/\/verneri.net\/selko\/wp-json\/wp\/v2\/pages\/64\/revisions"}],"up":[{"embeddable":true,"href":"https:\/\/verneri.net\/selko\/wp-json\/wp\/v2\/pages\/16"}],"wp:featuredmedia":[{"embeddable":true,"href":"https:\/\/verneri.net\/selko\/wp-json\/wp\/v2\/media\/16985"}],"wp:attachment":[{"href":"https:\/\/verneri.net\/selko\/wp-json\/wp\/v2\/media?parent=64"}],"curies":[{"name":"wp","href":"https:\/\/api.w.org\/{rel}","templated":true}]}}