{"id":66,"date":"2024-12-02T09:05:56","date_gmt":"2024-12-02T07:05:56","guid":{"rendered":"http:\/\/localhost\/verneri\/selko-dev\/hyvinvointi\/vaikuttaminen\/ehdokkaana-kuntavaaleista\/"},"modified":"2025-09-17T10:28:11","modified_gmt":"2025-09-17T07:28:11","slug":"ehdokkaana-kuntavaaleissa","status":"publish","type":"page","link":"https:\/\/verneri.net\/selko\/hyvinvointi\/vaikuttaminen\/vaalit-ja-aanestaminen\/ehdokkaana-kuntavaaleissa\/","title":{"rendered":"Ehdokkaana kuntavaaleissa"},"content":{"rendered":"<p>Ulla Topi kertoo, millaisia kokemuksia h\u00e4nell\u00e4 on kuntavaaleista. H\u00e4n antaa my\u00f6s vinkkej\u00e4 muille ehdokkaille.<\/p>\n<h2>Ehdokas tarvitsee n\u00e4kyvyytt\u00e4<\/h2>\n<p>Ulla Topi on ollut mukana Kokoomus-puolueen toiminnassa Salossa 1980-luvulta asti. H\u00e4n on ollut my\u00f6s ehdokkaana vaaleissa monta kertaa.<\/p>\n<p>Millaisia neuvoja antaisit muille, jotka ovat ehdokkaana vaaleissa?<\/p>\n<p>&#8221;Ehdokkaaksi ryhtyv\u00e4n kannattaa olla realistinen. On hyv\u00e4 ymm\u00e4rt\u00e4\u00e4, ett\u00e4 \u00e4\u00e4ni\u00e4 voi tulla vain v\u00e4h\u00e4n&#8221;, Ulla Topi sanoo.<\/p>\n<p>Ulla Topi on miettinyt, ett\u00e4 ehdokas tarvitsee n\u00e4kyvyytt\u00e4 ja siihen tarvitaan usein rahaa.<\/p>\n<p>&#8221;Kyll\u00e4 se niin on, ett\u00e4 he, joilla on varaa, saavat n\u00e4kyvyytt\u00e4 ja heit\u00e4 \u00e4\u00e4nestet\u00e4\u00e4n.&#8221;<\/p>\n<p>Tilanne ei ole helppo k\u00f6yh\u00e4lle el\u00e4kel\u00e4iselle.<\/p>\n<p>&#8221;Lehti-ilmoittelu on hirve\u00e4n kallista el\u00e4kel\u00e4iselle, mutta voi menn\u00e4 mukaan oman ryhm\u00e4n tai puolueen yhteisiin ilmoituksiin.&#8221;<\/p>\n<p>\u00c4\u00e4nest\u00e4ji\u00e4 voi tavata vaikka torilla.<\/p>\n<p>Ulla Topi antaa neuvon:<\/p>\n<p>&#8221;Jos oman alueen kansanedustaja tulee johonkin tapahtumaan, kannattaa menn\u00e4 mukaan. Kansanedustaja saa ihmiset tulemaan paikalle.&#8221;<\/p>\n<h2>Kertokaa p\u00e4\u00e4tt\u00e4jille, mit\u00e4 pit\u00e4\u00e4 tehd\u00e4<\/h2>\n<p>Kunnanvaltuusto ei ole ainoa paikka, jossa voi toimia vammaisten ihmisten aseman parantamiseksi.<\/p>\n<p>&#8221;Omassa puolueessa kannattaa olla aktiivinen. Vaalien j\u00e4lkeen puolueet valitsevat lautakuntiin ihmisi\u00e4, jotka tiedet\u00e4\u00e4n ahkeriksi ja luotettaviksi. Lautakunnissa tehd\u00e4\u00e4n t\u00e4rkeit\u00e4 p\u00e4\u00e4t\u00f6ksi\u00e4&#8221;, Ulla Topi sanoo.<\/p>\n<p>Ulla on vaikuttanut monin eri tavoin. H\u00e4n on ollut mukana paikallisessa vammaisneuvostossa ja erityishuoltopiirin valtuustossa. H\u00e4n oli my\u00f6s kahdeksan vuotta Valtakunnallisessa vammaisfoorumissa Me Itse ry:n edustajana.<\/p>\n<p>&#8221;Minulla on hyv\u00e4t suhteet alueen kansanedustajiin. Kun tapaan heit\u00e4, vien vammaisten ihmisten asioita eteenp\u00e4in. Kerron heille, mit\u00e4 p\u00e4\u00e4tt\u00e4jien pit\u00e4isi tehd\u00e4.&#8221;<\/p>\n<p><strong>Teksti:<\/strong> Jaana Ter\u00e4v\u00e4inen<br \/>\n<strong>Kuva:<\/strong> Laura Vesa<\/p>\n<p>Juttu on julkaistu laajempana selkolehti Leijassa.<\/p>\n","protected":false},"excerpt":{"rendered":"<p>Ulla Topi kertoo, millaisia kokemuksia h\u00e4nell\u00e4 on kuntavaaleista. H\u00e4n antaa my\u00f6s vinkkej\u00e4 muille ehdokkaille. Ehdokas tarvitsee n\u00e4kyvyytt\u00e4 Ulla Topi on [&hellip;]<\/p>\n","protected":false},"author":1,"featured_media":17018,"parent":67,"menu_order":307,"comment_status":"closed","ping_status":"closed","template":"","meta":{"_acf_changed":false,"footnotes":""},"class_list":["post-66","page","type-page","status-publish","has-post-thumbnail","hentry"],"acf":[],"_links":{"self":[{"href":"https:\/\/verneri.net\/selko\/wp-json\/wp\/v2\/pages\/66","targetHints":{"allow":["GET"]}}],"collection":[{"href":"https:\/\/verneri.net\/selko\/wp-json\/wp\/v2\/pages"}],"about":[{"href":"https:\/\/verneri.net\/selko\/wp-json\/wp\/v2\/types\/page"}],"author":[{"embeddable":true,"href":"https:\/\/verneri.net\/selko\/wp-json\/wp\/v2\/users\/1"}],"replies":[{"embeddable":true,"href":"https:\/\/verneri.net\/selko\/wp-json\/wp\/v2\/comments?post=66"}],"version-history":[{"count":0,"href":"https:\/\/verneri.net\/selko\/wp-json\/wp\/v2\/pages\/66\/revisions"}],"up":[{"embeddable":true,"href":"https:\/\/verneri.net\/selko\/wp-json\/wp\/v2\/pages\/67"}],"wp:featuredmedia":[{"embeddable":true,"href":"https:\/\/verneri.net\/selko\/wp-json\/wp\/v2\/media\/17018"}],"wp:attachment":[{"href":"https:\/\/verneri.net\/selko\/wp-json\/wp\/v2\/media?parent=66"}],"curies":[{"name":"wp","href":"https:\/\/api.w.org\/{rel}","templated":true}]}}