{"id":67,"date":"2024-12-02T09:05:56","date_gmt":"2024-12-02T07:05:56","guid":{"rendered":"http:\/\/localhost\/verneri\/selko-dev\/hyvinvointi\/vaikuttaminen\/aanestaminen\/"},"modified":"2025-04-07T17:32:59","modified_gmt":"2025-04-07T14:32:59","slug":"vaalit-ja-aanestaminen","status":"publish","type":"page","link":"https:\/\/verneri.net\/selko\/hyvinvointi\/vaikuttaminen\/vaalit-ja-aanestaminen\/","title":{"rendered":"Vaalit ja \u00e4\u00e4nest\u00e4minen"},"content":{"rendered":"<p>T\u00e4ll\u00e4 sivulla on tietoa vaaleista, \u00e4\u00e4nest\u00e4misest\u00e4 ja ehdokkuudesta vaaleissa.<\/p>\n<h2>Puolueet vaikuttavat yhteiskuntaan<\/h2>\n<p>Puolueet ovat aatteellisia yhdistyksi\u00e4, jotka vaikuttavat yhteisiin asioihin. Puolueet yritt\u00e4v\u00e4t muuttaa yhteiskuntaa omien ajatustensa ja mielipiteidens\u00e4 mukaiseksi.<\/p>\n<p>Suomen puolueita ovat esimerkiksi<\/p>\n<ul>\n<li>Kansallinen Kokoomus<\/li>\n<li>Perussuomalaiset<\/li>\n<li>Suomen Sosialidemokraattinen Puolue<\/li>\n<li>Suomen Keskusta<\/li>\n<li>Vihre\u00e4 liitto<\/li>\n<li>Vasemmistoliitto<\/li>\n<li>Suomen ruotsalainen kansanpuolue<\/li>\n<li>Suomen Kristillisdemokraatit<\/li>\n<li>Liike Nyt.<\/li>\n<\/ul>\n<h2>Edustajat valitaan \u00e4\u00e4nest\u00e4m\u00e4ll\u00e4<\/h2>\n<p>Jokaisella puolueella on vaaleissa ehdokkaita eli henkil\u00f6it\u00e4, jotka haluavat tulla valituiksi esimerkiksi eduskuntaan. Vaaleissa voit \u00e4\u00e4nest\u00e4\u00e4 sit\u00e4 ehdokasta, jonka haluat p\u00e4\u00e4tt\u00e4m\u00e4\u00e4n yhteisist\u00e4 asioista.<\/p>\n<p>Suomessa on viidet poliittiset vaalit:<\/p>\n<ul>\n<li><strong>Kuntavaaleissa<\/strong> valitaan valtuutetut kuntien valtuustoihin.<\/li>\n<li><strong>Aluevaaleissa<\/strong> valitaan valtuutetut aluevaltuustoihin.<\/li>\n<li><strong>Eduskuntavaaleissa<\/strong> valitaan kansanedustajat eduskuntaan.<\/li>\n<li><strong>Europarlamenttivaaleissa<\/strong> valitaan Suomen edustajat Euroopan unionin parlamenttiin.<\/li>\n<li><strong>Presidentinvaalissa<\/strong> valitaan Suomen presidentti.<\/li>\n<\/ul>\n<h2>Jokainen t\u00e4ysi-ik\u00e4inen saa \u00e4\u00e4nest\u00e4\u00e4<\/h2>\n<p>Jokainen 18-vuotias Suomen kansalainen saa \u00e4\u00e4nest\u00e4\u00e4 vaaleissa.<\/p>\n<p>Saat tietoa puolueiden ja ehdokkaiden ajatuksista ja mielipiteist\u00e4 lehdist\u00e4, televisiosta ja somesta. Voit my\u00f6s tavata ehdokkaita esimerkiksi vaalitilaisuuksissa.<\/p>\n<p>Vaalit ovat vapaat ja salaiset. Saat siis \u00e4\u00e4nest\u00e4\u00e4, ket\u00e4 haluat. Sinun ei tarvitse kertoa, ket\u00e4 \u00e4\u00e4nest\u00e4t, jos et halua.<\/p>\n<p>Voit saada \u00e4\u00e4nest\u00e4miseen my\u00f6s apua vaalivirkailijalta tai avustajalta, jonka olet itse valinnut.<\/p>\n<h2>Edunvalvonta ei est\u00e4 ehdokkuutta<\/h2>\n<p>L\u00e4hes jokainen \u00e4\u00e4nioikeutettu voi my\u00f6s itse asettua ehdolle vaaleissa.<\/p>\n<p>Kehitysvammaisuus ei est\u00e4 ehdokkuutta vaaleissa. Ehdolle voi asettua my\u00f6s henkil\u00f6, jolla on edunvalvoja.<\/p>\n<p>Vajaavaltaiseksi julistettu henkil\u00f6 ei voi olla ehdokkaana vaaleissa. Vajaavaltaisuus on kuitenkin harvinaista.<\/p>\n<p>Ehdokkaaksi voi tulla kahdella tavalla: joko puolueen ehdokkaana tai valitsijayhdistyksen ehdokkaana.<\/p>\n<p>Jos haluat jonkun puolueen ehdokkaaksi, ota suoraan yhteytt\u00e4 puolueeseen.<\/p>\n<p>Jos haluat ehdolle vaaleissa, mutta et halua mink\u00e4\u00e4n puolueen ehdokkaaksi, sinun tai kannattajiesi pit\u00e4\u00e4 perustaa valitsijayhdistys.<\/p>\n<p><strong>Teksti:<\/strong> Jenni Sipil\u00e4, 2023<\/p>\n","protected":false},"excerpt":{"rendered":"<p>T\u00e4ll\u00e4 sivulla on tietoa vaaleista, \u00e4\u00e4nest\u00e4misest\u00e4 ja ehdokkuudesta vaaleissa. Puolueet vaikuttavat yhteiskuntaan Puolueet ovat aatteellisia yhdistyksi\u00e4, jotka vaikuttavat yhteisiin asioihin. [&hellip;]<\/p>\n","protected":false},"author":1,"featured_media":14894,"parent":16,"menu_order":293,"comment_status":"closed","ping_status":"closed","template":"","meta":{"_acf_changed":false,"footnotes":""},"class_list":["post-67","page","type-page","status-publish","has-post-thumbnail","hentry"],"acf":[],"_links":{"self":[{"href":"https:\/\/verneri.net\/selko\/wp-json\/wp\/v2\/pages\/67","targetHints":{"allow":["GET"]}}],"collection":[{"href":"https:\/\/verneri.net\/selko\/wp-json\/wp\/v2\/pages"}],"about":[{"href":"https:\/\/verneri.net\/selko\/wp-json\/wp\/v2\/types\/page"}],"author":[{"embeddable":true,"href":"https:\/\/verneri.net\/selko\/wp-json\/wp\/v2\/users\/1"}],"replies":[{"embeddable":true,"href":"https:\/\/verneri.net\/selko\/wp-json\/wp\/v2\/comments?post=67"}],"version-history":[{"count":0,"href":"https:\/\/verneri.net\/selko\/wp-json\/wp\/v2\/pages\/67\/revisions"}],"up":[{"embeddable":true,"href":"https:\/\/verneri.net\/selko\/wp-json\/wp\/v2\/pages\/16"}],"wp:featuredmedia":[{"embeddable":true,"href":"https:\/\/verneri.net\/selko\/wp-json\/wp\/v2\/media\/14894"}],"wp:attachment":[{"href":"https:\/\/verneri.net\/selko\/wp-json\/wp\/v2\/media?parent=67"}],"curies":[{"name":"wp","href":"https:\/\/api.w.org\/{rel}","templated":true}]}}