{"id":68,"date":"2024-12-02T09:05:56","date_gmt":"2024-12-02T07:05:56","guid":{"rendered":"http:\/\/localhost\/verneri\/selko-dev\/hyvinvointi\/vaikuttaminen\/jarjesta-vaikuttajakahvit\/"},"modified":"2025-11-19T11:02:04","modified_gmt":"2025-11-19T09:02:04","slug":"jarjesta-vaikuttajakahvit","status":"publish","type":"page","link":"https:\/\/verneri.net\/selko\/hyvinvointi\/vaikuttaminen\/jarjesta-vaikuttajakahvit\/","title":{"rendered":"J\u00e4rjest\u00e4 vaikuttajakahvit"},"content":{"rendered":"<p>Pit\u00e4\u00e4k\u00f6 ty\u00f6st\u00e4 saada palkkaa? Haluatko lis\u00e4\u00e4 mahdollisuuksia harrastaa tai osallistua?<\/p>\n<p>N\u00e4m\u00e4 ovat asioita, joihin sin\u00e4 voit vaikuttaa.<\/p>\n<p>Kerro p\u00e4\u00e4tt\u00e4jille, mik\u00e4 sinulle on t\u00e4rke\u00e4\u00e4. Kerro, mink\u00e4 pit\u00e4\u00e4 muuttua. J\u00e4rjest\u00e4 vaikuttajakahvit!<\/p>\n<p>Vaikuttajakahveilla tapaat p\u00e4\u00e4tt\u00e4ji\u00e4 ja juttelet sinulle t\u00e4rkeist\u00e4 asioista.<\/p>\n<p>Voit kutsua vaikuttajakahveille vaikkapa kuntavaaliehdokkaita.<\/p>\n<p>Vaikuttajakahvit eiv\u00e4t ole viralliset, vaan rennot. P\u00e4\u00e4tt\u00e4jien kanssa voidaan juoda kahvit tai k\u00e4yd\u00e4 vaikkapa k\u00e4velyll\u00e4.<\/p>\n<h2>N\u00e4in j\u00e4rjest\u00e4tte vaikuttajakahvit<\/h2>\n<p>Voit j\u00e4rjest\u00e4\u00e4 vaikuttajakahvit yhdess\u00e4 vaikkapa kavereiden kanssa.<\/p>\n<p>Ker\u00e4tk\u00e4\u00e4 yhteen porukka kehitysvammaisia henkil\u00f6it\u00e4, jotka haluavat kertoa mielipiteens\u00e4 ja vaikuttaa p\u00e4\u00e4t\u00f6ksentekoon.<\/p>\n<p>Vaikuttajakahvien suunnittelu kannattaa aloittaa pienell\u00e4 porukalla. Kutsukaa lis\u00e4\u00e4 osallistujia mukaan sitten, kun tilaisuuden p\u00e4iv\u00e4m\u00e4\u00e4r\u00e4 on sovittu.<\/p>\n<h2>P\u00e4\u00e4tt\u00e4k\u00e4\u00e4 aiheet<\/h2>\n<p>Miettik\u00e4\u00e4, mihin haluatte vaikuttaa, mit\u00e4 haluatte muuttaa. Mitk\u00e4 aiheet ovat teille t\u00e4rkeit\u00e4?<\/p>\n<p>Vaikuttajakahvien aiheita voivat olla vaikkapa<\/p>\n<ul>\n<li>asuminen<\/li>\n<li>ty\u00f6llistyminen<\/li>\n<li>harrastaminen.<\/li>\n<\/ul>\n<h2>Valitkaa p\u00e4\u00e4tt\u00e4j\u00e4t<\/h2>\n<p>Miettik\u00e4\u00e4, ketk\u00e4 tekev\u00e4t p\u00e4\u00e4t\u00f6ksi\u00e4 asioissa, joihin haluatte vaikuttaa.<\/p>\n<p>P\u00e4\u00e4tt\u00e4ji\u00e4 ovat esimerkiksi<\/p>\n<ul>\n<li>vaaliehdokkaat<\/li>\n<li>kunnanvaltuutetut<\/li>\n<li>kunnan tai kaupungin ty\u00f6ntekij\u00e4t.<\/li>\n<\/ul>\n<h2>Etsik\u00e4\u00e4 yhteystiedot<\/h2>\n<p>Etsik\u00e4\u00e4 p\u00e4\u00e4tt\u00e4jien yhteystiedot.<\/p>\n<p>Voitte soittaa esimerkiksi kunnan tai kaupungin puhelinvaihteeseen.<\/p>\n<p>Kunnan valtuustossa sihteeri voi v\u00e4litt\u00e4\u00e4 viestinne eteenp\u00e4in. Valtuuston puheenjohtajaan tai kunnanvaltuutettuihin voi my\u00f6s ottaa suoraan yhteytt\u00e4.<\/p>\n<p>Eduskuntavaalien tai kuntavaalien aikaan kannattaa ottaa yhteytt\u00e4 eri puolueiden piiritoimistoihin oman vaalipiirin alueella.<\/p>\n<p>Voitte pyyt\u00e4\u00e4 yhteystietojen etsimiseen my\u00f6s apua.<\/p>\n<h2>Ottakaa yhteytt\u00e4 p\u00e4\u00e4tt\u00e4jiin<\/h2>\n<p>Ottakaa p\u00e4\u00e4tt\u00e4jiin yhteytt\u00e4 vaikkapa s\u00e4hk\u00f6postilla tai kirjeell\u00e4.<\/p>\n<p>Voitte k\u00e4ytt\u00e4\u00e4 apuna seuraavaa mallia:<\/p>\n<p>Hei!<\/p>\n<p>Olemme porukka kehitysvammaisia henkil\u00f6it\u00e4.<\/p>\n<p>Haluaisimme j\u00e4rjest\u00e4\u00e4 kanssanne Vaikuttajakahvit.<\/p>\n<p>Haluamme vaikuttaa p\u00e4\u00e4t\u00f6ksiin, jotka koskevat meit\u00e4. Haluamme kertoa, mik\u00e4 meille on t\u00e4rke\u00e4\u00e4.<\/p>\n<p>Voit lukea vaikuttajakahveista lis\u00e4\u00e4 Verneri.netist\u00e4: verneri.net\/selko\/hyvinvointi\/vaikuttaminen\/jarjesta-vaikuttajakahvit<\/p>\n<p>Mik\u00e4 olisi teille sopiva aika ja paikka?<\/p>\n<p>Yst\u00e4v\u00e4llisin terveisin,<\/p>\n<p>(Lis\u00e4tk\u00e4\u00e4 t\u00e4h\u00e4n nimenne ja yhteystietonne)<\/p>\n<h2>P\u00e4\u00e4tt\u00e4k\u00e4\u00e4 aika ja paikka<\/h2>\n<p>J\u00e4rjest\u00e4k\u00e4\u00e4 tapaaminen paikassa, jonne p\u00e4\u00e4tt\u00e4jien on helppo tulla. N\u00e4in saatte tilaisuuteen enemm\u00e4n osallistujia.<\/p>\n<p>Kahvit voi juoda sis\u00e4ll\u00e4 tai ulkona. Tai p\u00e4\u00e4tt\u00e4jien kanssa voi k\u00e4yd\u00e4 vaikkapa k\u00e4velyll\u00e4.<\/p>\n<p>Jos olette taitavia k\u00e4ytt\u00e4m\u00e4\u00e4n tietokoneita, tapaamisen voi j\u00e4rjest\u00e4\u00e4 pienell\u00e4 porukalla verkkokokouksena.<\/p>\n<h2>Kutsukaa muita mukaan<\/h2>\n<p>Kutsukaa mukaan monipuolinen porukka. Silloin keskusteluun tulee monta n\u00e4k\u00f6kulmaa.<\/p>\n<p>Pyyt\u00e4k\u00e4\u00e4 mukaan my\u00f6s vaikeasti vammaisia henkil\u00f6it\u00e4. Heid\u00e4n ajatuksensa j\u00e4\u00e4v\u00e4t usein kuulematta, kun asioista p\u00e4\u00e4tet\u00e4\u00e4n.<\/p>\n<p>Voitte k\u00e4ytt\u00e4\u00e4 apuna seuraavaa kutsupohjaa:<\/p>\n<p><strong>Tule mukaan Vaikuttajakahveille!<\/strong><\/p>\n<p>Vaikuttajakahvit on tilaisuus, jossa kehitysvammaiset ihmiset ja p\u00e4\u00e4tt\u00e4j\u00e4t tapaavat.<\/p>\n<p>Tapaamisessa p\u00e4\u00e4set kertomaan asioista, jotka ovat sinulle t\u00e4rkeit\u00e4.<\/p>\n<p>Aika: (t\u00e4ydent\u00e4k\u00e4\u00e4 tapahtuman p\u00e4iv\u00e4m\u00e4\u00e4r\u00e4 ja kellonaika)<\/p>\n<p>Paikka: (t\u00e4ydent\u00e4k\u00e4\u00e4 tapahtuman paikka)<\/p>\n<p>Kiinnostuitko?<\/p>\n<p>Ilmoittaudu mukaan: (t\u00e4ydent\u00e4k\u00e4\u00e4 yhteystietonne)<\/p>\n<h2>Valmistautukaa etuk\u00e4teen<\/h2>\n<p>Pohtikaa etuk\u00e4teen, mit\u00e4 haluatte sanoa p\u00e4\u00e4tt\u00e4jille.<\/p>\n<p>Jokainen voi mietti\u00e4 esimerkiksi seuraavia asioita:<\/p>\n<ul>\n<li>Mitk\u00e4 asiat ovat sinulle t\u00e4rkeit\u00e4?<\/li>\n<li>Mit\u00e4 asioita haluat muuttaa?<\/li>\n<li>Miss\u00e4 asioissa p\u00e4\u00e4tt\u00e4j\u00e4t ovat mielest\u00e4si onnistuneet?<\/li>\n<\/ul>\n<p>Kirjoita tai piirr\u00e4 paperille muutama asia tai mielipide, jonka ainakin haluat sanoa. Ota paperi mukaan tapaamiseen muistilapuksi.<\/p>\n<p>Voitte pyyt\u00e4\u00e4 valmistautumiseen apua vaikkapa tukihenkil\u00f6lt\u00e4.<\/p>\n<h2>Menk\u00e4\u00e4 kahveille!<\/h2>\n<p>Tavatkaa hyviss\u00e4 ajoin ennen vaikuttajakahvien alkua. K\u00e4yk\u00e4\u00e4 yhdess\u00e4 l\u00e4pi, miten tilaisuus etenee.<\/p>\n<p>Sopikaa, kuka ohjaa ihmisi\u00e4 toistensa luo. T\u00e4m\u00e4 on erityisen t\u00e4rke\u00e4\u00e4, jos osallistujia on paljon.<\/p>\n<p>Tilaisuuden voi aloittaa toivottamalla osallistujat tervetulleeksi.<\/p>\n<p>Jos tapaamisella on aihe, kertokaa se osallistujille.<\/p>\n<p>Keskustelu sujuu hyvin, kun kaikki muistavat LOVIT-s\u00e4\u00e4nn\u00f6n (Tikoteekki).<\/p>\n<p>Sen voi lukea \u00e4\u00e4neen tilaisuuden alussa.<\/p>\n<p>LOVIT-s\u00e4\u00e4nt\u00f6:<\/p>\n<ul>\n<li>Ole l\u00e4sn\u00e4, keskity toiseen ihmiseen.<\/li>\n<li>Odota ja kuuntele, mit\u00e4 h\u00e4nell\u00e4 on asiaa.<\/li>\n<li>Vastaa h\u00e4nelle.<\/li>\n<li>Mukauta ilmaisuasi. K\u00e4yt\u00e4 selkeit\u00e4 sanoja ja kielt\u00e4.<\/li>\n<li>Tarkista, ett\u00e4 kumpikin ymm\u00e4rt\u00e4\u00e4.<\/li>\n<\/ul>\n<p>Muistakaa, ett\u00e4 te olette tilaisuuden p\u00e4\u00e4henkil\u00f6it\u00e4. Puhukaa rohkeasti mielipiteist\u00e4nne ja kokemuksistanne.<\/p>\n<p>Tukihenkil\u00f6t voivat auttaa, jos te pyyd\u00e4tte tukea.<\/p>\n<p>Nauttikaa tilaisuudesta, jonka olette itse j\u00e4rjest\u00e4neet!<\/p>\n<p><strong>Teksti:<\/strong> Laura P\u00e4iv\u00e4puro, Kehitysvammaliitto, 2020<\/p>\n","protected":false},"excerpt":{"rendered":"<p>Pit\u00e4\u00e4k\u00f6 ty\u00f6st\u00e4 saada palkkaa? Haluatko lis\u00e4\u00e4 mahdollisuuksia harrastaa tai osallistua? N\u00e4m\u00e4 ovat asioita, joihin sin\u00e4 voit vaikuttaa. Kerro p\u00e4\u00e4tt\u00e4jille, mik\u00e4 [&hellip;]<\/p>\n","protected":false},"author":1,"featured_media":15066,"parent":16,"menu_order":273,"comment_status":"closed","ping_status":"closed","template":"","meta":{"_acf_changed":false,"footnotes":""},"class_list":["post-68","page","type-page","status-publish","has-post-thumbnail","hentry"],"acf":[],"_links":{"self":[{"href":"https:\/\/verneri.net\/selko\/wp-json\/wp\/v2\/pages\/68","targetHints":{"allow":["GET"]}}],"collection":[{"href":"https:\/\/verneri.net\/selko\/wp-json\/wp\/v2\/pages"}],"about":[{"href":"https:\/\/verneri.net\/selko\/wp-json\/wp\/v2\/types\/page"}],"author":[{"embeddable":true,"href":"https:\/\/verneri.net\/selko\/wp-json\/wp\/v2\/users\/1"}],"replies":[{"embeddable":true,"href":"https:\/\/verneri.net\/selko\/wp-json\/wp\/v2\/comments?post=68"}],"version-history":[{"count":0,"href":"https:\/\/verneri.net\/selko\/wp-json\/wp\/v2\/pages\/68\/revisions"}],"up":[{"embeddable":true,"href":"https:\/\/verneri.net\/selko\/wp-json\/wp\/v2\/pages\/16"}],"wp:featuredmedia":[{"embeddable":true,"href":"https:\/\/verneri.net\/selko\/wp-json\/wp\/v2\/media\/15066"}],"wp:attachment":[{"href":"https:\/\/verneri.net\/selko\/wp-json\/wp\/v2\/media?parent=68"}],"curies":[{"name":"wp","href":"https:\/\/api.w.org\/{rel}","templated":true}]}}