{"id":69,"date":"2024-12-02T09:05:56","date_gmt":"2024-12-02T07:05:56","guid":{"rendered":"http:\/\/localhost\/verneri\/selko-dev\/hyvinvointi\/vaikuttaminen\/meikalaisten-oma-yhdistys\/"},"modified":"2025-11-19T11:01:51","modified_gmt":"2025-11-19T09:01:51","slug":"me-itse-yhdistys-vaikuttaa","status":"publish","type":"page","link":"https:\/\/verneri.net\/selko\/hyvinvointi\/vaikuttaminen\/me-itse-yhdistys-vaikuttaa\/","title":{"rendered":"Me Itse -yhdistys vaikuttaa"},"content":{"rendered":"<p>Me Itse on kehitysvammaisten ihmisten oma yhdistys. Se toimii koko Suomen alueella ja sill\u00e4 on noin 30 alajaosta.<\/p>\n<p>Me itse -yhdistys vaikuttaa kehitysvammaisten ihmisten asioihin, kuten asumiseen, ty\u00f6h\u00f6n ja itsen\u00e4iseen el\u00e4m\u00e4\u00e4n.<\/p>\n<h2>Mit\u00e4 el\u00e4m\u00e4 olisi ilman yhdistyst\u00e4?<\/h2>\n<p>Suvi Ontto-Panula asuu Sein\u00e4joella.<\/p>\n<p>H\u00e4n sanoo: &#8221;En tied\u00e4, mit\u00e4 mun el\u00e4m\u00e4 olisi ilman Me Itse -yhdistyst\u00e4.&#8221;<\/p>\n<p>Suvi on aktiivisesti mukana yhdistyksen toiminnassa. H\u00e4n tekee yhdistykselle livel\u00e4hetyksi\u00e4 eli suoria l\u00e4hetyksi\u00e4 netiss\u00e4. Ne julkaistaan Facebookissa yhdistyksen omalla sivulla.<\/p>\n<p>&#8221;Teen l\u00e4hetyksi\u00e4 my\u00f6s vaikeista aiheista. Porukka on tyk\u00e4nnyt tosi paljon.&#8221;<\/p>\n<p>Kun Suvi tekee nettiin l\u00e4hetyksi\u00e4, h\u00e4n saa paljon kommentteja l\u00e4hetyksen katsojilta. L\u00e4hetyksien katsojat saavat my\u00f6s toisiltaan apua ja tukea, jota sanotaan vertaistueksi.<\/p>\n<p>Yhdistyksess\u00e4 toimiminen on tuonut Suville luottamusteht\u00e4vi\u00e4 my\u00f6s muulla:<\/p>\n<p>&#8221;Ilman Me Itse -yhdistyst\u00e4 en olisi varmaan p\u00e4\u00e4ssyt vammaisneuvostoon.&#8221;<\/p>\n<p>Yhdistyksess\u00e4 ihmiset voivat vaikuttaa yhdess\u00e4. Jos porukka huomaa ep\u00e4kohdan, se voi yhteisvoimin ottaa yhteytt\u00e4 p\u00e4\u00e4tt\u00e4jiin.<\/p>\n<p>Suvi kertoo, ett\u00e4 h\u00e4n on ollut mukana laittamassa viestej\u00e4 kansanedustajille.<\/p>\n<h2>Yhdistyksess\u00e4 voi vaikuttaa<\/h2>\n<p>Janne Siltanen asuu Rovaniemell\u00e4. H\u00e4n on paikallisen Me Itse -ryhm\u00e4n puheenjohtaja.<\/p>\n<p>Janne kertoo:<\/p>\n<p>&#8221;Ryhm\u00e4mme nimi on Lapin Metkat. Me vaikutamme paikallisesti, ett\u00e4 Lapissa ja Rovaniemell\u00e4 olisi parempi el\u00e4\u00e4.&#8221;<\/p>\n<p>Me Itse -yhdistys valitsee jokaiselle vuodelle oman aiheen. Viime vuonna aiheena oli kiusaamisesta selviytyminen.<\/p>\n<p>Lapin Metkat -ryhm\u00e4 oli mukana, kun Rovaniemell\u00e4 tempaistiin. Kiusaamista vastaan j\u00e4rjestettiin n\u00e4ytt\u00e4v\u00e4 mielenilmaus.<\/p>\n<p>Janne kertoo, ett\u00e4 tapahtuma onnistui hyvin.<\/p>\n<p>&#8221;Olemme yritt\u00e4neet vaikuttaa asioihin ja olemme vaikuttaneet! Ilman yhdistyst\u00e4 emme voi vaikuttaa.&#8221;<\/p>\n<h2>Yst\u00e4vi\u00e4 ja yhteist\u00e4 voimaa<\/h2>\n<p>Jaana Nordlund asuu Ulvilassa, Satakunnassa.<\/p>\n<p>&#8221;Oma yhdistys merkitsee minulle todella paljon. Olen saanut paljon yst\u00e4vi\u00e4 Me Itse\u2009-yhdistyksen kautta. Jos minulla on ongelmia, voin ottaa yhteytt\u00e4 ja saada tukea&#8221;, Jaana kertoo.<\/p>\n<p>Jaana on Me Itse -yhdistyksen puheenjohtaja. Puheenjohtajana h\u00e4n edustaa yhdistyst\u00e4 valtakunnallisesti. Kun h\u00e4n pit\u00e4\u00e4 puheenvuoroja, h\u00e4n puhuu kaikkien kehitysvammaisten ihmisten puolesta.<\/p>\n<p>&#8221;Olen ollut ty\u00f6ministerin luona puhumassa vammaisten ty\u00f6asioista. Kerroimme ty\u00f6el\u00e4m\u00e4n ep\u00e4kohdista. Ministeri kuunteli meit\u00e4 ja otti asiat vakavasti.&#8221;<\/p>\n<p><strong>Teksti:<\/strong> Jaana Ter\u00e4v\u00e4inen, 2022<br \/>\n<strong>Kuva:<\/strong> Laura Vesa<\/p>\n<p>Juttu on julkaistu alun perin Leija-lehdess\u00e4.<\/p>\n","protected":false},"excerpt":{"rendered":"<p>Me Itse on kehitysvammaisten ihmisten oma yhdistys. Se toimii koko Suomen alueella ja sill\u00e4 on noin 30 alajaosta. Me itse [&hellip;]<\/p>\n","protected":false},"author":1,"featured_media":15084,"parent":16,"menu_order":269,"comment_status":"closed","ping_status":"closed","template":"","meta":{"_acf_changed":false,"footnotes":""},"class_list":["post-69","page","type-page","status-publish","has-post-thumbnail","hentry"],"acf":[],"_links":{"self":[{"href":"https:\/\/verneri.net\/selko\/wp-json\/wp\/v2\/pages\/69","targetHints":{"allow":["GET"]}}],"collection":[{"href":"https:\/\/verneri.net\/selko\/wp-json\/wp\/v2\/pages"}],"about":[{"href":"https:\/\/verneri.net\/selko\/wp-json\/wp\/v2\/types\/page"}],"author":[{"embeddable":true,"href":"https:\/\/verneri.net\/selko\/wp-json\/wp\/v2\/users\/1"}],"replies":[{"embeddable":true,"href":"https:\/\/verneri.net\/selko\/wp-json\/wp\/v2\/comments?post=69"}],"version-history":[{"count":0,"href":"https:\/\/verneri.net\/selko\/wp-json\/wp\/v2\/pages\/69\/revisions"}],"up":[{"embeddable":true,"href":"https:\/\/verneri.net\/selko\/wp-json\/wp\/v2\/pages\/16"}],"wp:featuredmedia":[{"embeddable":true,"href":"https:\/\/verneri.net\/selko\/wp-json\/wp\/v2\/media\/15084"}],"wp:attachment":[{"href":"https:\/\/verneri.net\/selko\/wp-json\/wp\/v2\/media?parent=69"}],"curies":[{"name":"wp","href":"https:\/\/api.w.org\/{rel}","templated":true}]}}