{"id":7,"date":"2024-11-26T13:48:23","date_gmt":"2024-11-26T11:48:23","guid":{"rendered":"http:\/\/localhost\/verneri\/selko-dev\/?page_id=7"},"modified":"2025-10-27T08:09:26","modified_gmt":"2025-10-27T06:09:26","slug":"blogit","status":"publish","type":"page","link":"https:\/\/verneri.net\/selko\/blogit\/","title":{"rendered":"Blogit"},"content":{"rendered":"<p>Vernerin selkosivuilla voit pit\u00e4\u00e4 omaa blogia tai kirjoittaa yhteiseen Blogataan yhdess\u00e4 -blogiin.<\/p>\n<p>Blogataan yhdess\u00e4 -blogiin voit kirjoittaa ja l\u00e4hett\u00e4\u00e4 kuvia mist\u00e4 vain sinulle t\u00e4rke\u00e4st\u00e4 aiheesta.<\/p>\n<p>Jos haluat blogata Verneriss\u00e4, l\u00e4het\u00e4 meille s\u00e4hk\u00f6posti osoitteeseen <a href=\"mailto:verneri@kvl.fi\">verneri@kvl.fi<\/a>.<\/p>\n","protected":false},"excerpt":{"rendered":"<p>Vernerin selkosivuilla voit pit\u00e4\u00e4 omaa blogia tai kirjoittaa yhteiseen Blogataan yhdess\u00e4 -blogiin. Blogataan yhdess\u00e4 -blogiin voit kirjoittaa ja l\u00e4hett\u00e4\u00e4 kuvia [&hellip;]<\/p>\n","protected":false},"author":1,"featured_media":17480,"parent":0,"menu_order":165,"comment_status":"open","ping_status":"closed","template":"page-osiosivu-blogit.php","meta":{"_acf_changed":false,"footnotes":""},"class_list":["post-7","page","type-page","status-publish","has-post-thumbnail","hentry"],"acf":[],"_links":{"self":[{"href":"https:\/\/verneri.net\/selko\/wp-json\/wp\/v2\/pages\/7","targetHints":{"allow":["GET"]}}],"collection":[{"href":"https:\/\/verneri.net\/selko\/wp-json\/wp\/v2\/pages"}],"about":[{"href":"https:\/\/verneri.net\/selko\/wp-json\/wp\/v2\/types\/page"}],"author":[{"embeddable":true,"href":"https:\/\/verneri.net\/selko\/wp-json\/wp\/v2\/users\/1"}],"replies":[{"embeddable":true,"href":"https:\/\/verneri.net\/selko\/wp-json\/wp\/v2\/comments?post=7"}],"version-history":[{"count":0,"href":"https:\/\/verneri.net\/selko\/wp-json\/wp\/v2\/pages\/7\/revisions"}],"wp:featuredmedia":[{"embeddable":true,"href":"https:\/\/verneri.net\/selko\/wp-json\/wp\/v2\/media\/17480"}],"wp:attachment":[{"href":"https:\/\/verneri.net\/selko\/wp-json\/wp\/v2\/media?parent=7"}],"curies":[{"name":"wp","href":"https:\/\/api.w.org\/{rel}","templated":true}]}}