{"id":70,"date":"2024-12-02T09:05:56","date_gmt":"2024-12-02T07:05:56","guid":{"rendered":"http:\/\/localhost\/verneri\/selko-dev\/hyvinvointi\/vaikuttaminen\/opettele-hyvat-kokoustaidot\/"},"modified":"2025-11-19T11:02:25","modified_gmt":"2025-11-19T09:02:25","slug":"opettele-hyvat-kokoustaidot","status":"publish","type":"page","link":"https:\/\/verneri.net\/selko\/hyvinvointi\/vaikuttaminen\/opettele-hyvat-kokoustaidot\/","title":{"rendered":"Opettele hyv\u00e4t kokoustaidot"},"content":{"rendered":"<p>Erilaisissa kokouksissa tarvitaan hyvi\u00e4 kokoustaitoja. T\u00e4lle sivulle on koottu neuvoja, joiden avulla saat kokouksessa mielipiteesi ja ajatuksesi esille.<\/p>\n<h2>Kokouksessa p\u00e4\u00e4t\u00f6kset tehd\u00e4\u00e4n yhdess\u00e4<\/h2>\n<p>Jokaisella on oikeus sanoa mielipiteens\u00e4 ennen kuin p\u00e4\u00e4t\u00f6s tehd\u00e4\u00e4n.<\/p>\n<p>Jos haluat sanoa jotakin, pyyd\u00e4 puheenvuoroa. Kokouksessa on sovittu, miten puheenvuoro pyydet\u00e4\u00e4n. Yleens\u00e4 se tapahtuu nostamalla k\u00e4si yl\u00f6s.<\/p>\n<p>Kokouksen vet\u00e4j\u00e4 my\u00f6nt\u00e4\u00e4 puheenvuorot yksi kerrallaan. Puheenvuorot saa siin\u00e4 j\u00e4rjestyksess\u00e4 kuin ne on pyydetty.<\/p>\n<h2>Kuuntele toisten puheenvuoroja<\/h2>\n<p>Hyviin kokoustaitoihin kuuluu toisten puheenvuorojen kunnioittaminen. Puheenvuorot k\u00e4ytet\u00e4\u00e4n yksi kerrallaan. Muut tietysti kuuntelevat, kun joku puhuu.<\/p>\n<p>Monista asioista on sovittu yhdess\u00e4 ennen kokousta. Yleens\u00e4 on sovittu, ett\u00e4 k\u00e4nnykk\u00e4\u00e4 ja muita teknisi\u00e4 laitteita saa k\u00e4ytt\u00e4\u00e4 vain kokousasioihin. K\u00e4nnyk\u00e4t siis suljetaan ennen kokouksen alkua.<\/p>\n<p>P\u00e4\u00e4t\u00f6kset tehd\u00e4\u00e4n yhdess\u00e4. Jos asioista ei voida muuten sopia, j\u00e4rjestet\u00e4\u00e4n \u00e4\u00e4nestys. \u00c4\u00e4nestyksess\u00e4 voittaa enemmist\u00f6n mielipide.<\/p>\n<p>Kaikki pit\u00e4v\u00e4t kiinni yhteisesti sovituista asioita.<\/p>\n<p>Yhdess\u00e4 k\u00e4sitellyt asiat ovat luottamuksellisia. Niist\u00e4 ei saa puhua muille.<\/p>\n<h2>Kokoustaidot eli n\u00e4in toimit kokouksessa<\/h2>\n<p>Kun pid\u00e4t puheenvuoron, k\u00e4sittele vain yht\u00e4 asiaa puheenvuorosi aikana.<\/p>\n<p>Puhu selke\u00e4sti ja niin, ett\u00e4 kaikki kuulevat sinut.<\/p>\n<p>Puhu vain siit\u00e4 asiasta, jota sill\u00e4 hetkell\u00e4 k\u00e4sitell\u00e4\u00e4n.<\/p>\n<p>Pyyd\u00e4 kokouksen j\u00e4seni\u00e4 ottamaan kantaa siihen, mit\u00e4 olet sanonut.<\/p>\n<p>Ota kantaa muiden ajatuksiin.<\/p>\n<p>Keskity niihin asioihin, jotka ovat sinulle t\u00e4rkeit\u00e4.<\/p>\n<p>Jos olet eri mielt\u00e4, ilmaise mielipiteesi rauhallisesti, mutta j\u00e4m\u00e4k\u00e4sti.<\/p>\n<p>Jos saat uutta tietoa, \u00e4l\u00e4 juutu omaan mielipiteeseen. Mielipide saa muuttua, kun asiasta tulee uutta tietoa.<\/p>\n<p>Jos muut ovat eri mielt\u00e4 kuin sin\u00e4, \u00e4l\u00e4 viivyt\u00e4 p\u00e4\u00e4t\u00f6ksen tekemist\u00e4 jankkaamalla omaa kantaasi.<\/p>\n<p>Kun asioista p\u00e4\u00e4tet\u00e4\u00e4n, enemmist\u00f6n kanta ratkaisee. Totea tilanne reilusti ja suostu enemmist\u00f6n tahtoon.<\/p>\n<p>Kokouksessa voi olla ihmisi\u00e4, jotka ovat vahvoja mielipiteiss\u00e4\u00e4n ja jotka ovat tottuneita toimijoita. \u00c4l\u00e4 anna heid\u00e4n vaikuttaa omiin mielipiteisiisi. Esit\u00e4 oma mielipiteesi rohkeasti.<\/p>\n<p><strong>Teksti:<\/strong> Me Itse ry<br \/>\n<strong>Kuva: <\/strong>Johannes Romppanen<\/p>\n<p>Teksti on julkaistu Leija-lehden numerossa 3\/2017.<\/p>\n","protected":false},"excerpt":{"rendered":"<p>Erilaisissa kokouksissa tarvitaan hyvi\u00e4 kokoustaitoja. T\u00e4lle sivulle on koottu neuvoja, joiden avulla saat kokouksessa mielipiteesi ja ajatuksesi esille. Kokouksessa p\u00e4\u00e4t\u00f6kset [&hellip;]<\/p>\n","protected":false},"author":1,"featured_media":0,"parent":16,"menu_order":271,"comment_status":"closed","ping_status":"closed","template":"","meta":{"_acf_changed":false,"footnotes":""},"class_list":["post-70","page","type-page","status-publish","hentry"],"acf":[],"_links":{"self":[{"href":"https:\/\/verneri.net\/selko\/wp-json\/wp\/v2\/pages\/70","targetHints":{"allow":["GET"]}}],"collection":[{"href":"https:\/\/verneri.net\/selko\/wp-json\/wp\/v2\/pages"}],"about":[{"href":"https:\/\/verneri.net\/selko\/wp-json\/wp\/v2\/types\/page"}],"author":[{"embeddable":true,"href":"https:\/\/verneri.net\/selko\/wp-json\/wp\/v2\/users\/1"}],"replies":[{"embeddable":true,"href":"https:\/\/verneri.net\/selko\/wp-json\/wp\/v2\/comments?post=70"}],"version-history":[{"count":0,"href":"https:\/\/verneri.net\/selko\/wp-json\/wp\/v2\/pages\/70\/revisions"}],"up":[{"embeddable":true,"href":"https:\/\/verneri.net\/selko\/wp-json\/wp\/v2\/pages\/16"}],"wp:attachment":[{"href":"https:\/\/verneri.net\/selko\/wp-json\/wp\/v2\/media?parent=70"}],"curies":[{"name":"wp","href":"https:\/\/api.w.org\/{rel}","templated":true}]}}