{"id":71,"date":"2024-12-02T09:05:56","date_gmt":"2024-12-02T07:05:56","guid":{"rendered":"http:\/\/localhost\/verneri\/selko-dev\/hyvinvointi\/vaikuttaminen\/minun-mielestani\/"},"modified":"2025-11-19T11:02:08","modified_gmt":"2025-11-19T09:02:08","slug":"kokemustoimija-kertoo-kokemuksistaan","status":"publish","type":"page","link":"https:\/\/verneri.net\/selko\/hyvinvointi\/vaikuttaminen\/kokemustoimija-kertoo-kokemuksistaan\/","title":{"rendered":"Kokemustoimija kertoo kokemuksistaan"},"content":{"rendered":"<p>Kokemustoimija on henkil\u00f6, joka jakaa tietoa omien kokemuksiensa pohjalta.<\/p>\n<p>Kokemustoimija voi kertoa muilla ihmisille esimerkiksi siit\u00e4, miten vamma on vaikuttanut h\u00e4nen el\u00e4m\u00e4\u00e4ns\u00e4.<\/p>\n<p>Kokemustoimija voi k\u00e4yd\u00e4 puhumassa esimerkiksi p\u00e4\u00e4tt\u00e4jille ja eri alojen ammattilaisille ja opiskelijoille.<\/p>\n<p>Kokemustoimija saa ty\u00f6st\u00e4\u00e4n palkkaa.<\/p>\n<h2>Tukiliitto kouluttaa kokemustoimijaksi<\/h2>\n<p>Jokainen ihminen on el\u00e4m\u00e4ns\u00e4 asiantuntija. Varsinaiseksi kokemustoimijaksi ryhtyminen vaatii kuitenkin koulutuksen.<\/p>\n<p>Kehitysvammaisten Tukiliitto j\u00e4rjest\u00e4\u00e4 koulutuksia, joista valmistuu kokemustoimijaksi.<\/p>\n<p>Kev\u00e4\u00e4ll\u00e4 2023 koulutuksia j\u00e4rjestettiin Kuopiossa ja Joensuussa. Koulutukseen kuului viisi tapaamista. Tapaamisten v\u00e4liss\u00e4 tehtiin teht\u00e4vi\u00e4 kotona.<\/p>\n<p>Koulutuksen aiheina olivat esimerkiksi vaikuttaminen ja kokemustoimijan teht\u00e4v\u00e4t. Yhten\u00e4 p\u00e4iv\u00e4n\u00e4 koulutuksessa harjoiteltiin esiintymist\u00e4.<\/p>\n<h2>Kiusaamiseen pit\u00e4\u00e4 puuttua<\/h2>\n<p>Ilona M\u00f6mm\u00f6 osallistui kokemustoimijakoulutukseen, koska h\u00e4n haluaa vaikuttaa.<\/p>\n<p>Ilonen mielest\u00e4 koulutuksessa oli hauskaa.<\/p>\n<p>&#8221;Meill\u00e4 on kiva porukka. Olen saanut uusia kavereita&#8221;, Ilona kertoo.<\/p>\n<p>Kokemustoimijana h\u00e4n haluaa p\u00e4\u00e4st\u00e4 puhumaan kouluihin oppilaille ja opettajille.<\/p>\n<p>&#8221;Kertoisin lapsille, kuinka paha mieli nimittelyst\u00e4 ja haukkumisesta tulee. Opettajille sanoisin, ett\u00e4 aikuisten pit\u00e4\u00e4 puuttua kiusaamiseen heti&#8221;, Ilona pohtii.<\/p>\n<h2>P\u00e4iv\u00e4koteihin puhumaan<\/h2>\n<p>Pauliina Klemetti kuuli kokemustoimijakoulutuksesta toimintakeskuksen ohjaajalta. H\u00e4n p\u00e4\u00e4tti hakea mukaan.<\/p>\n<p>Pauliina kertoo koulutuksesta n\u00e4in:<\/p>\n<p>&#8221;Olen oppinut, mik\u00e4 on kokemustoimija. Olemme saaneet lis\u00e4ksi vinkkej\u00e4 esiintymiseen. Minua ei kyll\u00e4 yleens\u00e4 j\u00e4nnit\u00e4 puhua vieraille ihmisille.&#8221;<\/p>\n<p>Pauliina haluaa p\u00e4\u00e4st\u00e4 puhumaan ainakin p\u00e4iv\u00e4koteihin ja toimintakeskuksiin. My\u00f6s h\u00e4n puhuisi kiusaamisesta.<\/p>\n<p>&#8221;Kertoisin, ett\u00e4 kiusaaminen on kielletty\u00e4 vapaa-ajalla ja t\u00f6iss\u00e4&#8221;, Pauliina toteaa.<\/p>\n<h2>Tasavertaisuuden puolesta<\/h2>\n<p>Emmi Huttunen oli valmistautunut koulutukseen etuk\u00e4teen. H\u00e4n oli katsonut Youtubesta videoita, jotka kertovat kokemustoimijan teht\u00e4vist\u00e4.<\/p>\n<p>Koulutuksessa h\u00e4n oppi my\u00f6s paljon uutta.<\/p>\n<p>&#8221;Kokemustoimijana edustan Tukiliittoa. En voi puhua esimerkiksi uskonnasta&#8221;, Emmi kertoo.<\/p>\n<p>Emmi haluaa lis\u00e4t\u00e4 ihmisten tasavertaisuutta ja itsem\u00e4\u00e4r\u00e4\u00e4misoikeutta.<\/p>\n<p>&#8221;Kaikilla nuorilla pit\u00e4\u00e4 olla harrastusmahdollisuuksia. Jokaisen t\u00e4ytyy saada p\u00e4\u00e4tt\u00e4\u00e4 itse, haluaako vaikka meikata, seurustella tai menn\u00e4 kihloihin.&#8221;<\/p>\n<h2>Taide kuuluu kaikille<\/h2>\n<p>Olli Kananen osallistui kokemustoimijoiden koulutukseen, koska h\u00e4n haluaa kokeilla uusia asioita.<\/p>\n<p>&#8221;Olen aika innokas l\u00e4htem\u00e4\u00e4n mukaan kaikenlaiseen&#8221;, Olli kertoo.<\/p>\n<p>My\u00f6s Olli haluaa est\u00e4\u00e4 kiusaamista.<\/p>\n<p>&#8221;Lis\u00e4ksi haluan vaikuttaa siihen, ett\u00e4 kaikki saavat tehd\u00e4 taidetta&#8221;, Olli kertoo ja jatkaa:<\/p>\n<p>&#8221;Asia on minulle t\u00e4rke\u00e4, sill\u00e4 min\u00e4 teen sarjakuvia. Niit\u00e4 on ollut esill\u00e4 Varkauden kirjastossa.&#8221;<\/p>\n<h2>Kokemustoimijoita tarvitaan lis\u00e4\u00e4<\/h2>\n<p>Ollin mielest\u00e4 tukea tarvitsevien ihmisten mielipiteit\u00e4 ei kuunnella yhteiskunnassa tarpeeksi.<\/p>\n<p>&#8221;Jokainen ihminen on oma persoonansa. Kukaan toinen ei voi tiet\u00e4\u00e4, milt\u00e4 juuri minusta tuntuu. Siksi pit\u00e4\u00e4 kertoa omista ajatuksista \u00e4\u00e4neen&#8221;, Olli pohtii.<\/p>\n<p>My\u00f6s Ilona M\u00f6mm\u00f6n mielest\u00e4 kokemustoimijoita tarvitaan lis\u00e4\u00e4.<\/p>\n<p>&#8221;Muut eiv\u00e4t voi puhua meid\u00e4n puolestamme. He eiv\u00e4t tied\u00e4, millaista meid\u00e4n el\u00e4m\u00e4mme oikeasti on&#8221;, Ilona sanoo.<\/p>\n<h2>Haluatko sin\u00e4 kokemustoimijaksi?<\/h2>\n<p>Kuopion kokemustoimijakoulutuksen osallistujat antavat vinkkej\u00e4, jos haluat kokemustoimijaksi.<\/p>\n<ul>\n<li>Sinun pit\u00e4\u00e4 olla oikeasti kiinnostunut kokemustoimijaksi ryhtymisest\u00e4.<\/li>\n<li>Seuraa, miss\u00e4 kokemustoimijoiden koulutuksia j\u00e4rjestet\u00e4\u00e4n. Ilmoittaudu mukaan avoimin mielin.<\/li>\n<li>Voit mietti\u00e4 valmiiksi, millaisiin asioihin haluat vaikuttaa.<\/li>\n<li>Esiintyminen j\u00e4nnitt\u00e4\u00e4 kaikkia. Sopiva j\u00e4nnitt\u00e4minen ei est\u00e4 kokemustoimijaksi ryhtymist\u00e4.<\/li>\n<\/ul>\n<p><strong>Teksti:<\/strong> Mari Vehmanen<br \/>\n<strong>Kuvat:<\/strong> Laura Vesa<\/p>\n<p><em>Juttu on julkaista alun perin selkolehti Leijassa 4\/2023.<\/em><\/p>\n","protected":false},"excerpt":{"rendered":"<p>Kokemustoimija on henkil\u00f6, joka jakaa tietoa omien kokemuksiensa pohjalta. Kokemustoimija voi kertoa muilla ihmisille esimerkiksi siit\u00e4, miten vamma on vaikuttanut [&hellip;]<\/p>\n","protected":false},"author":1,"featured_media":15089,"parent":16,"menu_order":270,"comment_status":"closed","ping_status":"closed","template":"","meta":{"_acf_changed":false,"footnotes":""},"class_list":["post-71","page","type-page","status-publish","has-post-thumbnail","hentry"],"acf":[],"_links":{"self":[{"href":"https:\/\/verneri.net\/selko\/wp-json\/wp\/v2\/pages\/71","targetHints":{"allow":["GET"]}}],"collection":[{"href":"https:\/\/verneri.net\/selko\/wp-json\/wp\/v2\/pages"}],"about":[{"href":"https:\/\/verneri.net\/selko\/wp-json\/wp\/v2\/types\/page"}],"author":[{"embeddable":true,"href":"https:\/\/verneri.net\/selko\/wp-json\/wp\/v2\/users\/1"}],"replies":[{"embeddable":true,"href":"https:\/\/verneri.net\/selko\/wp-json\/wp\/v2\/comments?post=71"}],"version-history":[{"count":0,"href":"https:\/\/verneri.net\/selko\/wp-json\/wp\/v2\/pages\/71\/revisions"}],"up":[{"embeddable":true,"href":"https:\/\/verneri.net\/selko\/wp-json\/wp\/v2\/pages\/16"}],"wp:featuredmedia":[{"embeddable":true,"href":"https:\/\/verneri.net\/selko\/wp-json\/wp\/v2\/media\/15089"}],"wp:attachment":[{"href":"https:\/\/verneri.net\/selko\/wp-json\/wp\/v2\/media?parent=71"}],"curies":[{"name":"wp","href":"https:\/\/api.w.org\/{rel}","templated":true}]}}