{"id":72,"date":"2024-12-02T09:07:22","date_gmt":"2024-12-02T07:07:22","guid":{"rendered":"http:\/\/localhost\/verneri\/selko-dev\/hyvinvointi\/vaikuttaminen\/aanestaminen\/nain-aanestat-kuntavaaleissa\/"},"modified":"2025-10-30T13:24:51","modified_gmt":"2025-10-30T11:24:51","slug":"aanesta-kuntavaaleissa","status":"publish","type":"page","link":"https:\/\/verneri.net\/selko\/hyvinvointi\/vaikuttaminen\/vaalit-ja-aanestaminen\/aanesta-kuntavaaleissa\/","title":{"rendered":"\u00c4\u00e4nest\u00e4 kuntavaaleissa"},"content":{"rendered":"<p>Kuntavaaleissa valitaan j\u00e4senet kuntien valtuustoihin. Valtuustot p\u00e4\u00e4tt\u00e4v\u00e4t kunnan toiminnasta ja taloudesta.<\/p>\n<p>Seuraavat kuntavaalit ovat vuonna 2029. Kuntavaalit j\u00e4rjestet\u00e4\u00e4n samaan aikaan aluevaalien kanssa.<\/p>\n<h2>Kuntavaaleissa kannattaa \u00e4\u00e4nest\u00e4\u00e4<\/h2>\n<p>Suomi jakautuu kuntiin. Kunnat p\u00e4\u00e4tt\u00e4v\u00e4t monista t\u00e4rkeist\u00e4 asioista ja palveluista.<\/p>\n<p>Kunnan toiminnasta vastaa kunnanvaltuusto. Kun \u00e4\u00e4nest\u00e4t, olet mukana valitsemassa j\u00e4seni\u00e4 oman kuntasi valtuustoon.<\/p>\n<p>Valtuusto valitaan kuntavaaleissa nelj\u00e4ksi vuodeksi kerrallaan.<\/p>\n<h2>Jokainen t\u00e4ysi-ik\u00e4inen saa\u00a0\u00e4\u00e4nest\u00e4\u00e4<\/h2>\n<p>Kuntavaaleissa saavat \u00e4\u00e4nest\u00e4\u00e4 18 vuotta t\u00e4ytt\u00e4neet kuntalaiset.<\/p>\n<p>Jokainen \u00e4\u00e4nest\u00e4\u00e4 oman kotikuntansa kuntavaaleissa. Kotikunta on yleens\u00e4 se kunta, jossa asut.<\/p>\n<h2>Voit \u00e4\u00e4nest\u00e4\u00e4 oman kunnan ehdokasta<\/h2>\n<p>Kunnanvaltuustoon pyrkivi\u00e4 henkil\u00f6it\u00e4 kutsutaan ehdokkaiksi.<\/p>\n<p>Jokaisessa kunnassa on omat ehdokkaat. Voit \u00e4\u00e4nest\u00e4\u00e4 vain oman kunnan ehdokasta.<\/p>\n<p>Kaikki ehdokkaat kuuluvat johonkin puolueeseen. Tavallisesti saman puolueen ehdokkailla on samanlaisia mielipiteit\u00e4.<\/p>\n<p>Jokaisella ehdokkaalla on oma ehdokasnumeronsa.<\/p>\n<p>Tietoa ehdokkaista saat esimerkiksi lehdist\u00e4, televisiosta ja netist\u00e4.<\/p>\n<h2>N\u00e4in \u00e4\u00e4nest\u00e4t<\/h2>\n<p>Kun menet \u00e4\u00e4nest\u00e4m\u00e4\u00e4n, ota mukaan henkil\u00f6llisyystodistus, kuten passi tai henkil\u00f6kortti.<\/p>\n<p>\u00c4\u00e4nestyspaikassa sinua odottaa vaalivirkailija. H\u00e4n tarkistaa ensin henkil\u00f6llisyytesi ja antaa sinulle \u00e4\u00e4nestyslipun.<\/p>\n<p>Mene \u00e4\u00e4nestyslipun kanssa \u00e4\u00e4nestyskoppiin. Kirjoita \u00e4\u00e4nestyslippuun sen ehdokkaan numero, jota \u00e4\u00e4nest\u00e4t.<\/p>\n<p>Palaa sitten \u00e4\u00e4nestyslipun kanssa vaalivirkailijan luo. H\u00e4n leimaa \u00e4\u00e4nestyslippusi.<\/p>\n<p>Seuraavaksi pudotat leimatun \u00e4\u00e4nestyslipun vaaliuurnaan. T\u00e4m\u00e4n j\u00e4lkeen voit poistua \u00e4\u00e4nestyspaikalta.<\/p>\n<h2>Voit pyyt\u00e4\u00e4 apua<\/h2>\n<p>Vaalivirkailija auttaa sinua \u00e4\u00e4nestyspaikalla.<\/p>\n<p>\u00c4\u00e4nestyspaikalla on my\u00f6s vaaliavustaja. Jos et pysty t\u00e4ytt\u00e4m\u00e4\u00e4n vaalilippua itse, pyyd\u00e4 apua vaaliavustajalta. Vaaliavustaja ei kerro muille, ket\u00e4 \u00e4\u00e4nestit.<\/p>\n<p>Voit valita vaaliavustajan my\u00f6s itse. Vaaliavustaja voi olla esimerkiksi perheenj\u00e4sen tai l\u00e4heinen ihminen.<\/p>\n<p><strong>Katso video N\u00e4in \u00e4\u00e4nest\u00e4t ennakkoon:<\/strong><\/p>\n<p><iframe loading=\"lazy\" title=\"Selkokieli: N\u00e4in \u00e4\u00e4nest\u00e4t vaaleissa ennakkoon\" width=\"500\" height=\"281\" src=\"https:\/\/www.youtube.com\/embed\/aKIBp9QYpIY?wmode=transparent&amp;rel=0&amp;feature=oembed\" frameborder=\"0\" allow=\"accelerometer; autoplay; clipboard-write; encrypted-media; gyroscope; picture-in-picture; web-share\" referrerpolicy=\"strict-origin-when-cross-origin\" allowfullscreen><\/iframe><\/p>\n<p><strong>Katso video N\u00e4in \u00e4\u00e4nest\u00e4t vaalip\u00e4iv\u00e4n\u00e4:<\/strong><\/p>\n<p><iframe loading=\"lazy\" title=\"Selkokieli: N\u00e4in \u00e4\u00e4nest\u00e4t vaaleissa vaalip\u00e4iv\u00e4n\u00e4\" width=\"500\" height=\"281\" src=\"https:\/\/www.youtube.com\/embed\/alfATrYwPLA?wmode=transparent&amp;rel=0&amp;feature=oembed\" frameborder=\"0\" allow=\"accelerometer; autoplay; clipboard-write; encrypted-media; gyroscope; picture-in-picture; web-share\" referrerpolicy=\"strict-origin-when-cross-origin\" allowfullscreen><\/iframe><\/p>\n","protected":false},"excerpt":{"rendered":"<p>Kuntavaaleissa valitaan j\u00e4senet kuntien valtuustoihin. Valtuustot p\u00e4\u00e4tt\u00e4v\u00e4t kunnan toiminnasta ja taloudesta. Seuraavat kuntavaalit ovat vuonna 2029. Kuntavaalit j\u00e4rjestet\u00e4\u00e4n samaan aikaan [&hellip;]<\/p>\n","protected":false},"author":1,"featured_media":15045,"parent":67,"menu_order":289,"comment_status":"closed","ping_status":"closed","template":"","meta":{"_acf_changed":false,"footnotes":""},"class_list":["post-72","page","type-page","status-publish","has-post-thumbnail","hentry"],"acf":[],"_links":{"self":[{"href":"https:\/\/verneri.net\/selko\/wp-json\/wp\/v2\/pages\/72","targetHints":{"allow":["GET"]}}],"collection":[{"href":"https:\/\/verneri.net\/selko\/wp-json\/wp\/v2\/pages"}],"about":[{"href":"https:\/\/verneri.net\/selko\/wp-json\/wp\/v2\/types\/page"}],"author":[{"embeddable":true,"href":"https:\/\/verneri.net\/selko\/wp-json\/wp\/v2\/users\/1"}],"replies":[{"embeddable":true,"href":"https:\/\/verneri.net\/selko\/wp-json\/wp\/v2\/comments?post=72"}],"version-history":[{"count":0,"href":"https:\/\/verneri.net\/selko\/wp-json\/wp\/v2\/pages\/72\/revisions"}],"up":[{"embeddable":true,"href":"https:\/\/verneri.net\/selko\/wp-json\/wp\/v2\/pages\/67"}],"wp:featuredmedia":[{"embeddable":true,"href":"https:\/\/verneri.net\/selko\/wp-json\/wp\/v2\/media\/15045"}],"wp:attachment":[{"href":"https:\/\/verneri.net\/selko\/wp-json\/wp\/v2\/media?parent=72"}],"curies":[{"name":"wp","href":"https:\/\/api.w.org\/{rel}","templated":true}]}}