{"id":73,"date":"2024-12-02T09:07:22","date_gmt":"2024-12-02T07:07:22","guid":{"rendered":"http:\/\/localhost\/verneri\/selko-dev\/hyvinvointi\/vaikuttaminen\/aanestaminen\/nain-aanestat-aluevaaleissa\/"},"modified":"2025-10-30T13:31:31","modified_gmt":"2025-10-30T11:31:31","slug":"aanesta-aluevaaleissa","status":"publish","type":"page","link":"https:\/\/verneri.net\/selko\/hyvinvointi\/vaikuttaminen\/vaalit-ja-aanestaminen\/aanesta-aluevaaleissa\/","title":{"rendered":"\u00c4\u00e4nest\u00e4 aluevaaleissa"},"content":{"rendered":"<p>Aluevaaleissa valitaan edustajat aluevaltuustoihin, jotka p\u00e4\u00e4tt\u00e4v\u00e4t hyvinvointialueiden asioista.<\/p>\n<p>Aluevaalit j\u00e4rjestet\u00e4\u00e4n samaan aikaan kuntavaalien kanssa. Seuraavat aluevaalit j\u00e4rjestet\u00e4\u00e4n vuonna 2029.<\/p>\n<h2>Vaikuta yhteisiin asioihin<\/h2>\n<p>Aluevaaleissa valitaan edustajat aluevaltuustoihin. Aluevaltuustot p\u00e4\u00e4tt\u00e4v\u00e4t hyvinvointialueiden asioista.<\/p>\n<p>Hyvinvointialueet j\u00e4rjest\u00e4v\u00e4t sosiaalipalvelut, terveyspalvelut ja pelastustoiminnan. Sosiaalipalveluita ovat esimerkiksi vammaispalvelut.<\/p>\n<p>Aiemmin kunnat j\u00e4rjestiv\u00e4t n\u00e4m\u00e4 palvelut.<\/p>\n<p>Kun \u00e4\u00e4nest\u00e4t aluevaaleissa, vaikutat meille kaikille t\u00e4rkeisiin palveluihin.<\/p>\n<h2>Voit \u00e4\u00e4nest\u00e4\u00e4 oman alueesi ehdokasta<\/h2>\n<p>Jos sinulla on \u00e4\u00e4nioikeus aluevaaleissa, saat ilmoituksen \u00e4\u00e4nioikeudesta postissa tai s\u00e4hk\u00f6postissa.<\/p>\n<p>Saat \u00e4\u00e4nest\u00e4\u00e4 oman hyvinvointialueesi ehdokasta.<\/p>\n<p>Hyvinvointialueet ovat<\/p>\n<ul>\n<li>Ahvenanmaa<\/li>\n<li>Etel\u00e4-Karjala<\/li>\n<li>Etel\u00e4-Pohjanmaa<\/li>\n<li>Etel\u00e4-Savo<\/li>\n<li>Kainuu<\/li>\n<li>Kanta-H\u00e4me<\/li>\n<li>Keski-Pohjanmaa<\/li>\n<li>Keski-Suomi<\/li>\n<li>Kymenlaakso<\/li>\n<li>Lappi<\/li>\n<li>Pirkanmaa<\/li>\n<li>Pohjanmaa<\/li>\n<li>Pohjois-Karjala<\/li>\n<li>Pohjois-Pohjanmaa<\/li>\n<li>Pohjois-Savo<\/li>\n<li>P\u00e4ij\u00e4t-H\u00e4me<\/li>\n<li>Satakunta<\/li>\n<li>Uusimaa<\/li>\n<li>Varsinais-Suomi<\/li>\n<\/ul>\n<p>Helsinkil\u00e4iset eiv\u00e4t \u00e4\u00e4nest\u00e4 aluevaaleissa.<\/p>\n<p>Tietoa ehdokkaista saat esimerkiksi lehdist\u00e4, televisiosta ja netist\u00e4.<\/p>\n<h2>Voit \u00e4\u00e4nest\u00e4\u00e4 ennakkoon tai vaalip\u00e4iv\u00e4n\u00e4<\/h2>\n<p>Voit \u00e4\u00e4nest\u00e4\u00e4 aluevaaleissa vaalip\u00e4iv\u00e4n\u00e4 tai sit\u00e4 ennen eli ennakkoon.<\/p>\n<p>Vaalip\u00e4iv\u00e4n\u00e4 voit \u00e4\u00e4nest\u00e4\u00e4 \u00e4\u00e4nestyspaikassa, joka lukee \u00e4\u00e4nioikeusilmoituksessasi.<\/p>\n<p>Voit \u00e4\u00e4nest\u00e4\u00e4 ennakkoon miss\u00e4 tahansa ennakko\u00e4\u00e4nestyspaikassa. Ennakko\u00e4\u00e4nestyspaikkoja on esimerkiksi monissa kuntien virastoissa ja kirjastoissa.<\/p>\n<p>Jos olet sairas tai \u00e4\u00e4nest\u00e4minen \u00e4\u00e4nestyspaikalla on kohtuuttoman vaikeaa, voit \u00e4\u00e4nest\u00e4\u00e4 ennakkoon kotonasi.<\/p>\n<p>Ilmoita koti\u00e4\u00e4nestyksest\u00e4 puhelimella tai lomakkeella oman kuntasi keskusvaalilautakunnalle. Lautakunnan puhelinnumero on \u00e4\u00e4nioikeusilmoituksessasi.<\/p>\n<p>My\u00f6s sairaaloissa ja laitoksissa voi \u00e4\u00e4nest\u00e4\u00e4 ennakkoon.<\/p>\n<p><strong>N\u00e4in \u00e4\u00e4nest\u00e4t ennakkoon:<\/strong><\/p>\n<p><iframe loading=\"lazy\" title=\"Selkokieli: N\u00e4in \u00e4\u00e4nest\u00e4t vaaleissa ennakkoon\" width=\"500\" height=\"281\" src=\"https:\/\/www.youtube.com\/embed\/aKIBp9QYpIY?wmode=transparent&amp;rel=0&amp;feature=oembed\" frameborder=\"0\" allow=\"accelerometer; autoplay; clipboard-write; encrypted-media; gyroscope; picture-in-picture; web-share\" referrerpolicy=\"strict-origin-when-cross-origin\" allowfullscreen><\/iframe><\/p>\n<p><strong>N\u00e4in \u00e4\u00e4nest\u00e4t vaalip\u00e4iv\u00e4n\u00e4:<\/strong><\/p>\n<p><iframe loading=\"lazy\" title=\"Selkokieli: N\u00e4in \u00e4\u00e4nest\u00e4t vaaleissa vaalip\u00e4iv\u00e4n\u00e4\" width=\"500\" height=\"281\" src=\"https:\/\/www.youtube.com\/embed\/alfATrYwPLA?wmode=transparent&amp;rel=0&amp;feature=oembed\" frameborder=\"0\" allow=\"accelerometer; autoplay; clipboard-write; encrypted-media; gyroscope; picture-in-picture; web-share\" referrerpolicy=\"strict-origin-when-cross-origin\" allowfullscreen><\/iframe><\/p>\n<h2>\u00c4\u00e4nest\u00e4miseen saa apua<\/h2>\n<p>\u00c4\u00e4nestyspaikalla voit pyyt\u00e4\u00e4 apua vaalivirkailijoilta. He neuvovat ja auttavat sinua kaikissa tilanteissa.<\/p>\n<p>\u00c4\u00e4nestyspaikalla on my\u00f6s vaaliavustaja. Jos et itse pysty t\u00e4ytt\u00e4m\u00e4\u00e4n \u00e4\u00e4nestyslippua, voit pyyt\u00e4\u00e4 vaaliavustajan avuksi \u00e4\u00e4nestyskoppiin.<\/p>\n<p>Vaaliavustajana voi toimia my\u00f6s henkil\u00f6, jonka olet itse valinnut, esimerkiksi omainen tai l\u00e4heinen.<\/p>\n<p>Vaaliavustaja ei saa kertoa kenellek\u00e4\u00e4n, ket\u00e4 \u00e4\u00e4nestit.<\/p>\n","protected":false},"excerpt":{"rendered":"<p>Aluevaaleissa valitaan edustajat aluevaltuustoihin, jotka p\u00e4\u00e4tt\u00e4v\u00e4t hyvinvointialueiden asioista. Aluevaalit j\u00e4rjestet\u00e4\u00e4n samaan aikaan kuntavaalien kanssa. Seuraavat aluevaalit j\u00e4rjestet\u00e4\u00e4n vuonna 2029. Vaikuta [&hellip;]<\/p>\n","protected":false},"author":1,"featured_media":15043,"parent":67,"menu_order":294,"comment_status":"closed","ping_status":"closed","template":"","meta":{"_acf_changed":false,"footnotes":""},"class_list":["post-73","page","type-page","status-publish","has-post-thumbnail","hentry"],"acf":[],"_links":{"self":[{"href":"https:\/\/verneri.net\/selko\/wp-json\/wp\/v2\/pages\/73","targetHints":{"allow":["GET"]}}],"collection":[{"href":"https:\/\/verneri.net\/selko\/wp-json\/wp\/v2\/pages"}],"about":[{"href":"https:\/\/verneri.net\/selko\/wp-json\/wp\/v2\/types\/page"}],"author":[{"embeddable":true,"href":"https:\/\/verneri.net\/selko\/wp-json\/wp\/v2\/users\/1"}],"replies":[{"embeddable":true,"href":"https:\/\/verneri.net\/selko\/wp-json\/wp\/v2\/comments?post=73"}],"version-history":[{"count":0,"href":"https:\/\/verneri.net\/selko\/wp-json\/wp\/v2\/pages\/73\/revisions"}],"up":[{"embeddable":true,"href":"https:\/\/verneri.net\/selko\/wp-json\/wp\/v2\/pages\/67"}],"wp:featuredmedia":[{"embeddable":true,"href":"https:\/\/verneri.net\/selko\/wp-json\/wp\/v2\/media\/15043"}],"wp:attachment":[{"href":"https:\/\/verneri.net\/selko\/wp-json\/wp\/v2\/media?parent=73"}],"curies":[{"name":"wp","href":"https:\/\/api.w.org\/{rel}","templated":true}]}}