{"id":76,"date":"2023-08-15T09:22:25","date_gmt":"2023-08-15T06:22:25","guid":{"rendered":"http:\/\/localhost\/verneri\/selko-dev\/hyvinvointi\/ihmissuhteet\/hyva-ystava\/"},"modified":"2026-02-03T09:36:00","modified_gmt":"2026-02-03T07:36:00","slug":"hyva-ystava","status":"publish","type":"page","link":"https:\/\/verneri.net\/selko\/hyvinvointi\/ihmissuhteet\/hyva-ystava\/","title":{"rendered":"Hyv\u00e4 yst\u00e4v\u00e4"},"content":{"rendered":"<p>Jokainen tarvitsee kavereita ja yst\u00e4vi\u00e4.<\/p>\n<p>Kaverin kanssa voit tehd\u00e4 mukavia asioita yhdess\u00e4.<\/p>\n<p>Yst\u00e4v\u00e4 on yleens\u00e4 l\u00e4heisempi kuin kaveri. Yst\u00e4v\u00e4n kanssa voit jutella tunteistasi. Yst\u00e4v\u00e4\u00e4n voit luottaa ja yst\u00e4v\u00e4lt\u00e4 voit pyyt\u00e4\u00e4 apua.<\/p>\n<p>Yst\u00e4v\u00e4 v\u00e4litt\u00e4\u00e4 sinusta ja tunteistasi. Yst\u00e4v\u00e4t my\u00f6s kuuntelevat ja kunnioittavat toisiaan.<\/p>\n<p>Yst\u00e4v\u00e4 pit\u00e4\u00e4 sinusta juuri sellaisena kuin olet.<\/p>\n<h2>Millainen on hyv\u00e4 yst\u00e4v\u00e4?<\/h2>\n<p>Kysyimme Vernerin lukijoilta, millainen on hyv\u00e4 yst\u00e4v\u00e4.<\/p>\n<p>N\u00e4in he vastasivat:<\/p>\n<ul>\n<li>Hyv\u00e4n yst\u00e4v\u00e4n kanssa voi viett\u00e4\u00e4 vapaa-aikaa.<\/li>\n<li>Hyv\u00e4 yst\u00e4v\u00e4 pit\u00e4\u00e4 yhteytt\u00e4.<\/li>\n<li>Hyv\u00e4 yst\u00e4v\u00e4 on luotettava.<\/li>\n<li>Hyv\u00e4lle yst\u00e4v\u00e4lle uskaltaa puhua asioista.<\/li>\n<li>Hyv\u00e4 yst\u00e4v\u00e4 ei levit\u00e4 asioita ja salaisuuksia.<\/li>\n<li>Hyv\u00e4 yst\u00e4v\u00e4 ei kiusaa.<\/li>\n<li>Hyv\u00e4 yst\u00e4v\u00e4 on rehellinen.<\/li>\n<li>Hyv\u00e4 yst\u00e4v\u00e4 on auttavainen.<\/li>\n<li>Hyv\u00e4 yst\u00e4v\u00e4 jaksaa kuunnella suruja ja murheita.<\/li>\n<li>Hyv\u00e4 yst\u00e4v\u00e4 ei ajattele pelk\u00e4st\u00e4\u00e4n omaa etua.<\/li>\n<li>Hyv\u00e4 yst\u00e4v\u00e4 hyv\u00e4ksyy sellaisena kuin on.<\/li>\n<\/ul>\n<h2>N\u00e4in olet yst\u00e4v\u00e4<\/h2>\n<p>Aina ei ole helppoa olla hyv\u00e4 yst\u00e4v\u00e4. Onneksi yst\u00e4v\u00e4n\u00e4 olemista voi opetella.<\/p>\n<p>N\u00e4in olet hyv\u00e4 yst\u00e4v\u00e4:<\/p>\n<ul>\n<li>Ole yst\u00e4v\u00e4llinen. Pienet yst\u00e4v\u00e4lliset teot l\u00e4hent\u00e4v\u00e4t ihmisi\u00e4.<\/li>\n<li>\u00c4l\u00e4 loukkaa.<\/li>\n<li>Auta yst\u00e4v\u00e4\u00e4, mutta huolehdi my\u00f6s omasta jaksamisesta.<\/li>\n<li>Kysy yst\u00e4v\u00e4n kuulumisia ja kuuntele.<\/li>\n<li>Pid\u00e4 yst\u00e4v\u00e4\u00e4n yhteytt\u00e4.<\/li>\n<li>Anna yst\u00e4v\u00e4lle my\u00f6s omaa aikaa.<\/li>\n<li>\u00c4l\u00e4 kerro yst\u00e4v\u00e4n salaisuuksia muille.<\/li>\n<li>Selvit\u00e4 riidat puhumalla. Pyyd\u00e4 tarvittaessa apua.<\/li>\n<li>Pyyd\u00e4 anteeksi, jos olet tehnyt v\u00e4\u00e4rin.<\/li>\n<\/ul>\n<p><strong>Pohdi:<\/strong><\/p>\n<ul>\n<li>Millainen sinusta on hyv\u00e4 yst\u00e4v\u00e4?<\/li>\n<li>Onko sinulla yst\u00e4v\u00e4\u00e4?<\/li>\n<li>Oletko sin\u00e4 yst\u00e4v\u00e4 jollekin?<\/li>\n<\/ul>\n<p><strong>Lis\u00e4tietoa selkokielell\u00e4:<\/strong><\/p>\n<ul>\n<li><a href=\"https:\/\/verneri.net\/selko\/hyvinvointi\/terveys-ja-liikunta\/hyvalla-mielella\/yhdessa-muiden-kanssa\/\">Yhdess\u00e4 muiden kanssa<\/a><\/li>\n<li><a href=\"https:\/\/www.tukiliitto.fi\/toiminta\/yhdenvertainen-kaveritoiminta\/\" target=\"_blank\" rel=\"noopener\">Yhdenvertainen kaveritoiminta<\/a> (tukiliitto.fi)<\/li>\n<li><a href=\"https:\/\/tukena.fi\/wp-content\/uploads\/2024\/02\/YSTAVYYTTA_OPPIMASSA_tyokirja.pdf\" target=\"_blank\" rel=\"noopener\">Ty\u00f6kirja: Yst\u00e4vyytt\u00e4 oppimassa<\/a> (tukena.fi)<\/li>\n<\/ul>\n<p><strong>Teksti:<\/strong> Jenni Sipil\u00e4, 2023<\/p>\n","protected":false},"excerpt":{"rendered":"<p>Jokainen tarvitsee kavereita ja yst\u00e4vi\u00e4. Kaverin kanssa voit tehd\u00e4 mukavia asioita yhdess\u00e4. Yst\u00e4v\u00e4 on yleens\u00e4 l\u00e4heisempi kuin kaveri. Yst\u00e4v\u00e4n kanssa [&hellip;]<\/p>\n","protected":false},"author":1,"featured_media":16940,"parent":17,"menu_order":75,"comment_status":"closed","ping_status":"closed","template":"","meta":{"_acf_changed":false,"footnotes":""},"class_list":["post-76","page","type-page","status-publish","has-post-thumbnail","hentry"],"acf":[],"_links":{"self":[{"href":"https:\/\/verneri.net\/selko\/wp-json\/wp\/v2\/pages\/76","targetHints":{"allow":["GET"]}}],"collection":[{"href":"https:\/\/verneri.net\/selko\/wp-json\/wp\/v2\/pages"}],"about":[{"href":"https:\/\/verneri.net\/selko\/wp-json\/wp\/v2\/types\/page"}],"author":[{"embeddable":true,"href":"https:\/\/verneri.net\/selko\/wp-json\/wp\/v2\/users\/1"}],"replies":[{"embeddable":true,"href":"https:\/\/verneri.net\/selko\/wp-json\/wp\/v2\/comments?post=76"}],"version-history":[{"count":0,"href":"https:\/\/verneri.net\/selko\/wp-json\/wp\/v2\/pages\/76\/revisions"}],"up":[{"embeddable":true,"href":"https:\/\/verneri.net\/selko\/wp-json\/wp\/v2\/pages\/17"}],"wp:featuredmedia":[{"embeddable":true,"href":"https:\/\/verneri.net\/selko\/wp-json\/wp\/v2\/media\/16940"}],"wp:attachment":[{"href":"https:\/\/verneri.net\/selko\/wp-json\/wp\/v2\/media?parent=76"}],"curies":[{"name":"wp","href":"https:\/\/api.w.org\/{rel}","templated":true}]}}