{"id":8,"date":"2024-11-26T13:49:02","date_gmt":"2024-11-26T11:49:02","guid":{"rendered":"http:\/\/localhost\/verneri\/selko-dev\/?page_id=8"},"modified":"2025-10-23T18:39:34","modified_gmt":"2025-10-23T15:39:34","slug":"hyvinvointi","status":"publish","type":"page","link":"https:\/\/verneri.net\/selko\/hyvinvointi\/","title":{"rendered":"Hyvinvointi"},"content":{"rendered":"<p>Hyvinvointia lis\u00e4\u00e4v\u00e4t monenlaiset asiat, kuten<\/p>\n<ul>\n<li>toimivat ihmissuhteet<\/li>\n<li>mukavat harrastukset<\/li>\n<li>terveelliset el\u00e4m\u00e4ntavat<\/li>\n<li>mahdollisuus vaikuttaa omiin ja yhteisiin asioihin.<\/li>\n<\/ul>\n<p>Hyvinvointi-sivuilta saat tietoa ja vinkkej\u00e4 hyvinvointisi tueksi.<\/p>\n","protected":false},"excerpt":{"rendered":"<p>Hyvinvointia lis\u00e4\u00e4v\u00e4t monenlaiset asiat, kuten toimivat ihmissuhteet mukavat harrastukset terveelliset el\u00e4m\u00e4ntavat mahdollisuus vaikuttaa omiin ja yhteisiin asioihin. Hyvinvointi-sivuilta saat tietoa [&hellip;]<\/p>\n","protected":false},"author":1,"featured_media":16940,"parent":0,"menu_order":93,"comment_status":"closed","ping_status":"closed","template":"page-osiosivu-hyvinvointi.php","meta":{"_acf_changed":false,"footnotes":""},"class_list":["post-8","page","type-page","status-publish","has-post-thumbnail","hentry"],"acf":[],"_links":{"self":[{"href":"https:\/\/verneri.net\/selko\/wp-json\/wp\/v2\/pages\/8","targetHints":{"allow":["GET"]}}],"collection":[{"href":"https:\/\/verneri.net\/selko\/wp-json\/wp\/v2\/pages"}],"about":[{"href":"https:\/\/verneri.net\/selko\/wp-json\/wp\/v2\/types\/page"}],"author":[{"embeddable":true,"href":"https:\/\/verneri.net\/selko\/wp-json\/wp\/v2\/users\/1"}],"replies":[{"embeddable":true,"href":"https:\/\/verneri.net\/selko\/wp-json\/wp\/v2\/comments?post=8"}],"version-history":[{"count":0,"href":"https:\/\/verneri.net\/selko\/wp-json\/wp\/v2\/pages\/8\/revisions"}],"wp:featuredmedia":[{"embeddable":true,"href":"https:\/\/verneri.net\/selko\/wp-json\/wp\/v2\/media\/16940"}],"wp:attachment":[{"href":"https:\/\/verneri.net\/selko\/wp-json\/wp\/v2\/media?parent=8"}],"curies":[{"name":"wp","href":"https:\/\/api.w.org\/{rel}","templated":true}]}}