{"id":80,"date":"2021-11-03T09:43:19","date_gmt":"2021-11-03T07:43:19","guid":{"rendered":"http:\/\/localhost\/verneri\/selko-dev\/hyvinvointi\/ihmissuhteet\/puutu-kiusaamiseen\/"},"modified":"2025-04-03T12:25:13","modified_gmt":"2025-04-03T09:25:13","slug":"puutu-kiusaamiseen","status":"publish","type":"page","link":"https:\/\/verneri.net\/selko\/hyvinvointi\/ihmissuhteet\/puutu-kiusaamiseen\/","title":{"rendered":"Puutu kiusaamiseen"},"content":{"rendered":"<p>Kiusaaminen on aina v\u00e4\u00e4rin ja siihen pit\u00e4\u00e4 puuttua heti.<\/p>\n<p>Me itse -yhdistys on tehnyt julkilausuman Oikeus el\u00e4\u00e4 ilman kiusaamista.<\/p>\n<p>Julkilausumassa on ohjeita, miten voit puuttua kiusaamiseen.<\/p>\n<h2>Oikeus el\u00e4\u00e4 ilman kiusaamista<\/h2>\n<p>Moni kehitysvammainen ihminen on kokenut kiusaamista. Kiusaaminen on aina v\u00e4\u00e4rin, eik\u00e4 se ole koskaan kiusatun syy.<\/p>\n<p>Kiusaamisesta voi selviyty\u00e4.<\/p>\n<p>Jos sinua kiusataan tai n\u00e4et, ett\u00e4 kaveria kiusataan, on t\u00e4rke\u00e4\u00e4 toimia heti.<\/p>\n<p>Kerro kiusaamisesta jollekin, jolla on velvollisuus vaikuttaa siihen.<\/p>\n<p>Jos olet koulussa tai opiskelet, kerro kiusaamisesta opettajalle. H\u00e4nen velvollisuutensa on toimia niin, ett\u00e4 kiusaaminen loppuu.<\/p>\n<p>My\u00f6s vanhempasi voivat ottaa yhteytt\u00e4 opettajaan tai rehtoriin.<\/p>\n<p>Jos sinua kiusataan asuntolassa tai toimintakeskuksessa tai t\u00f6iss\u00e4, kerro kiusaamisesta ohjaajalle tai pomolle. H\u00e4nen pit\u00e4\u00e4 toimia niin, ett\u00e4 kiusaaminen loppuu.<\/p>\n<p>Juttele kiusaamisesta yst\u00e4v\u00e4lle tai muulle l\u00e4heiselle ihmiselle. Juttele kiusaamisesta l\u00e4heisen ja luotettavan ihmisen kanssa. Mit\u00e4 tapahtui ja milt\u00e4 sinusta tuntuu?<\/p>\n<p>Voit purkaa kiusaamisen aiheuttamia tunteita my\u00f6s jollakin muulla tavalla. Jotkut saavat paremman olon esimerkiksi musiikin kuuntelusta tai ulkoilusta.<\/p>\n<p>Puolusta itse\u00e4si tai kaveria, jos se on mahdollista. Kun puolustaa itse\u00e4\u00e4n tai toista, on t\u00e4rke\u00e4\u00e4 sanoa kiusaajalle, ett\u00e4 h\u00e4n toimii v\u00e4\u00e4rin. Voi kertoa, ett\u00e4 ik\u00e4v\u00e4t teot tai ilke\u00e4t sanat satuttavat ja niist\u00e4 tulee paha olo.<\/p>\n<p>Poistu paikalta, jos hermot alkavat menn\u00e4. Joskus kiusaajan tarkoitus voi olla, ett\u00e4 h\u00e4n saa sinut hermostumaan. Poistu rauhallisesti paikalta.<\/p>\n<h2>Kasvatus ja media avuksi<\/h2>\n<p>Lapset pit\u00e4\u00e4 kasvattaa niin, ett\u00e4 he hyv\u00e4ksyv\u00e4t kaikenlaiset ihmiset. Lapsille pit\u00e4\u00e4 opettaa, ett\u00e4 kiusaaminen on aina v\u00e4\u00e4rin.<\/p>\n<p>Media voi kertoa kiusaamisen seurauksista ja selviytymisen keinoista.<\/p>\n<p>Me Itsen kokemuspuhujat voivat pit\u00e4\u00e4 puheenvuoroja kiusaamisesta. He ja muut &#8221;meik\u00e4l\u00e4iset&#8221; voivat antaa haastatteluja medialle.<\/p>\n<p>V\u00e4kivallasta voi tehd\u00e4 rikosilmoituksen. Ly\u00f6minen, potkiminen<\/p>\n<p>ja muu pahoinpitely ovat v\u00e4kivaltaa. V\u00e4kivallasta voi tehd\u00e4 rikosilmoituksen.<\/p>\n<h2>Kiusaamiseen pit\u00e4\u00e4 aina puuttua<\/h2>\n<p>Kiusaamiseen pit\u00e4\u00e4 puuttua aina. Sit\u00e4 ei saa katsoa hiljaa vierest\u00e4.<\/p>\n<p>On v\u00e4\u00e4rin, ett\u00e4 vain kiusattu joutuu k\u00e4rsim\u00e4\u00e4n kiusaamisen seuraukset. Kiusaajalla pit\u00e4\u00e4 olla vastuu teoistaan. Meill\u00e4 on oikeus el\u00e4\u00e4 el\u00e4m\u00e4\u00e4mme ilman kiusatuksi joutumista.<\/p>\n<p>Me Itse -yhdistys, 2021<\/p>\n","protected":false},"excerpt":{"rendered":"<p>Kiusaaminen on aina v\u00e4\u00e4rin ja siihen pit\u00e4\u00e4 puuttua heti. Me itse -yhdistys on tehnyt julkilausuman Oikeus el\u00e4\u00e4 ilman kiusaamista. Julkilausumassa [&hellip;]<\/p>\n","protected":false},"author":1,"featured_media":14845,"parent":17,"menu_order":86,"comment_status":"closed","ping_status":"closed","template":"","meta":{"_acf_changed":false,"footnotes":""},"class_list":["post-80","page","type-page","status-publish","has-post-thumbnail","hentry"],"acf":[],"_links":{"self":[{"href":"https:\/\/verneri.net\/selko\/wp-json\/wp\/v2\/pages\/80","targetHints":{"allow":["GET"]}}],"collection":[{"href":"https:\/\/verneri.net\/selko\/wp-json\/wp\/v2\/pages"}],"about":[{"href":"https:\/\/verneri.net\/selko\/wp-json\/wp\/v2\/types\/page"}],"author":[{"embeddable":true,"href":"https:\/\/verneri.net\/selko\/wp-json\/wp\/v2\/users\/1"}],"replies":[{"embeddable":true,"href":"https:\/\/verneri.net\/selko\/wp-json\/wp\/v2\/comments?post=80"}],"version-history":[{"count":0,"href":"https:\/\/verneri.net\/selko\/wp-json\/wp\/v2\/pages\/80\/revisions"}],"up":[{"embeddable":true,"href":"https:\/\/verneri.net\/selko\/wp-json\/wp\/v2\/pages\/17"}],"wp:featuredmedia":[{"embeddable":true,"href":"https:\/\/verneri.net\/selko\/wp-json\/wp\/v2\/media\/14845"}],"wp:attachment":[{"href":"https:\/\/verneri.net\/selko\/wp-json\/wp\/v2\/media?parent=80"}],"curies":[{"name":"wp","href":"https:\/\/api.w.org\/{rel}","templated":true}]}}