{"id":83,"date":"2014-09-03T13:32:31","date_gmt":"2014-09-03T10:32:31","guid":{"rendered":"http:\/\/localhost\/verneri\/selko-dev\/hyvinvointi\/ihmissuhteet\/tukea-vanhemmuuteen\/"},"modified":"2025-05-21T14:45:46","modified_gmt":"2025-05-21T11:45:46","slug":"tukea-vanhemmuuteen","status":"publish","type":"page","link":"https:\/\/verneri.net\/selko\/hyvinvointi\/ihmissuhteet\/tukea-vanhemmuuteen\/","title":{"rendered":"Tukea vanhemmuuteen"},"content":{"rendered":"<p>Lapsi tarvitsee paljon rakkautta, turvaa ja huolenpitoa.<\/p>\n<p>Kaikki vanhemmat tarvitsevat tukea lapsen hoitamiseen ja kasvattamiseen.<\/p>\n<h2>Perhe voi saada monenlaista tukea<\/h2>\n<p>Lapsen hoitamiseen ja kasvattamiseen voi saada monenlaista tukea.<\/p>\n<p>Tukea voi pyyt\u00e4\u00e4 esimerkiksi<\/p>\n<ul>\n<li>l\u00e4heisilt\u00e4 ihmisilt\u00e4<\/li>\n<li>neuvolasta<\/li>\n<li>p\u00e4iv\u00e4kodin ja koulun ty\u00f6ntekij\u00f6ilt\u00e4<\/li>\n<li>sosiaality\u00f6ntekij\u00e4lt\u00e4<\/li>\n<li>perhety\u00f6ntekij\u00e4lt\u00e4<\/li>\n<li>j\u00e4rjest\u00f6ist\u00e4.<\/li>\n<\/ul>\n<p>L\u00e4heiset ihmiset voivat auttaa lasta esimerkiksi l\u00e4ksyjen tekemisess\u00e4.<\/p>\n<p>Sosiaality\u00f6ntekij\u00e4 voi j\u00e4rjest\u00e4\u00e4 perheelle tueksi esimerkiksi perhety\u00f6ntekij\u00e4n.<\/p>\n<p>Perhety\u00f6ntekij\u00e4 voi tulla perheen kotiin opastamaan vanhempia lapsen hoidossa.<\/p>\n<h2>Vanhemmat eiv\u00e4t aina uskalla pyyt\u00e4\u00e4 apua<\/h2>\n<p>Joskus vanhemmat eiv\u00e4t itse huomaa, ett\u00e4 lapsella ei ole kaikki hyvin. Silloin he eiv\u00e4t osaa pyyt\u00e4\u00e4 apua.<\/p>\n<p>Joskus vanhemmat eiv\u00e4t uskalla pyyt\u00e4\u00e4 apua, koska he pelk\u00e4\u00e4v\u00e4t, ett\u00e4 lapsi otetaan heilt\u00e4 pois.<\/p>\n<p>Esimerkiksi neuvolan tai p\u00e4iv\u00e4kodin ty\u00f6ntekij\u00e4t voivat huomata lapsen ongelmat. My\u00f6s l\u00e4heiset ihmiset voivat huomata, ett\u00e4 lapsi ja vanhemmat tarvitsevat apua.<\/p>\n<p>Yleens\u00e4 ty\u00f6ntekij\u00e4t tai l\u00e4heiset kertovat vanhemmille, ett\u00e4 perhe tarvitsee heid\u00e4n mielest\u00e4\u00e4n apua. He voivat ilmoittaa my\u00f6s lastensuojelun sosiaality\u00f6ntekij\u00e4ille, ett\u00e4 lapsella ei ole kaikki hyvin.<\/p>\n<h2>Lastensuojelun ty\u00f6ntekij\u00e4 auttaa perhett\u00e4<\/h2>\n<p>Lastensuojelun sosiaality\u00f6ntekij\u00e4 auttaa perhett\u00e4.<\/p>\n<p>Sosiaality\u00f6ntekij\u00e4 voi j\u00e4rjest\u00e4\u00e4 perheen avuksi esimerkiksi perhety\u00f6ntekij\u00e4n, tukihenkil\u00f6n tai tukiperheen. H\u00e4n voi j\u00e4rjest\u00e4\u00e4 perheelle my\u00f6s rahallista apua.<\/p>\n<h2>Sijaishuolto on viimeinen keino auttaa<\/h2>\n<p>Joskus vanhemmat eiv\u00e4t pysty huolehtimaan lapsesta, vaikka he saavat siihen apua. Silloin lastensuojelun sosiaality\u00f6ntekij\u00e4 voi p\u00e4\u00e4tt\u00e4\u00e4, ett\u00e4 lapsi otetaan huostaan.<\/p>\n<p>Huostaanotto tarkoittaa sit\u00e4, ett\u00e4 vanhemmat eiv\u00e4t saa en\u00e4\u00e4 p\u00e4\u00e4tt\u00e4\u00e4 kaikista lapsen asioista. Lapsi my\u00f6s sijoitetaan kodin ulkopuolelle sijaishuoltoon eli h\u00e4n muuttaa pois kotoa vanhempiensa luota.<\/p>\n<p>Lapsi voi muuttaa esimerkiksi perhetukikotiin tai toisen perheen kotiin eli sijaiskotiin. Vanhemmat saavat kuitenkin yh\u00e4 tavata lastaan.<\/p>\n<p>Huostaanotto on vasta viimeinen keino auttaa lasta. Ensin sosiaality\u00f6ntekij\u00e4 yritt\u00e4\u00e4 auttaa koko perhett\u00e4 muilla keinoilla.<\/p>\n<h2>Kehitysvamma ei riit\u00e4 syyksi lapsen huostaanottoon<\/h2>\n<p>Lasta ei voi ottaa huostaan\u00a0vain siksi, ett\u00e4 \u00e4idill\u00e4 tai is\u00e4ll\u00e4 on kehitysvamma. My\u00f6s kehitysvammainen \u00e4iti tai is\u00e4 voi olla hyv\u00e4 vanhempi.<\/p>\n<p>Kaikki voivat opetella ja oppia vanhemmuuden taitoja. T\u00e4rkeint\u00e4 on, ett\u00e4 vanhempi osaas ja uskaltaa pyyt\u00e4\u00e4 apua.<\/p>\n<h2>Oppaita vanhemmuuteen<\/h2>\n<p>Kehitysvammaisten Tukiliitto on tehnyt selkokielisi\u00e4 oppaita vanhemmuudesta.<\/p>\n<p>Vahvistu vanhempana -oppaassa on tietoa ja n\u00e4k\u00f6kulmia vanhemmuuteen.<\/p>\n<p><a href=\"https:\/\/www.tukiliitto.fi\/wp-content\/uploads\/2021\/01\/2250fabe-vahvistu_vanhempana.pdf\" target=\"_blank\" rel=\"noopener\">Lataa Vahvistu vanhempana -opas<\/a> (tukiliitto.fi)<\/p>\n<p>Ero ja vanhemmuus -oppaassa on tietoa erosta ja vanhemmuudesta eron j\u00e4lkeen.<\/p>\n<p><a href=\"https:\/\/www.tukiliitto.fi\/wp-content\/uploads\/2023\/01\/5dec36f0-ero_ja_vanhemmuus.pdf\" target=\"_blank\" rel=\"noopener\">Lataa Ero ja vanhemmuus -opas<\/a> (tukiliitto.fi)<\/p>\n<p>Vanhemmuus jatkuu -opas on tarkoitettu vanhemmalle, jonka lapsi on otettu huostaan tai sijoitettu kodin ulkopuolelle.<\/p>\n<p><a href=\"https:\/\/www.tukiliitto.fi\/wp-content\/uploads\/2021\/01\/881748c9-vanhemmuus_jatkuu.pdf\" target=\"_blank\" rel=\"noopener\">Lataa Vanhemmuus jatkuu -opas<\/a> (tukiliitto.fi)<\/p>\n<p><strong>Teksti:<\/strong> Jenni Sipil\u00e4, 2014<br \/>\n<strong>Kuva:<\/strong> Unsplash<\/p>\n<p><em>Teksti perustuu Kehitysvammaisten Tukiliiton oppaisiin Kun perhe tarvitsee tukea ja Lapsen sijaishuolto (2014). Oppaat on kirjoittanut Pia Henttonen ja Tuula Puranen.<\/em><\/p>\n","protected":false},"excerpt":{"rendered":"<p>Lapsi tarvitsee paljon rakkautta, turvaa ja huolenpitoa. Kaikki vanhemmat tarvitsevat tukea lapsen hoitamiseen ja kasvattamiseen. Perhe voi saada monenlaista tukea [&hellip;]<\/p>\n","protected":false},"author":1,"featured_media":14874,"parent":17,"menu_order":92,"comment_status":"open","ping_status":"closed","template":"","meta":{"_acf_changed":false,"footnotes":""},"class_list":["post-83","page","type-page","status-publish","has-post-thumbnail","hentry"],"acf":[],"_links":{"self":[{"href":"https:\/\/verneri.net\/selko\/wp-json\/wp\/v2\/pages\/83","targetHints":{"allow":["GET"]}}],"collection":[{"href":"https:\/\/verneri.net\/selko\/wp-json\/wp\/v2\/pages"}],"about":[{"href":"https:\/\/verneri.net\/selko\/wp-json\/wp\/v2\/types\/page"}],"author":[{"embeddable":true,"href":"https:\/\/verneri.net\/selko\/wp-json\/wp\/v2\/users\/1"}],"replies":[{"embeddable":true,"href":"https:\/\/verneri.net\/selko\/wp-json\/wp\/v2\/comments?post=83"}],"version-history":[{"count":0,"href":"https:\/\/verneri.net\/selko\/wp-json\/wp\/v2\/pages\/83\/revisions"}],"up":[{"embeddable":true,"href":"https:\/\/verneri.net\/selko\/wp-json\/wp\/v2\/pages\/17"}],"wp:featuredmedia":[{"embeddable":true,"href":"https:\/\/verneri.net\/selko\/wp-json\/wp\/v2\/media\/14874"}],"wp:attachment":[{"href":"https:\/\/verneri.net\/selko\/wp-json\/wp\/v2\/media?parent=83"}],"curies":[{"name":"wp","href":"https:\/\/api.w.org\/{rel}","templated":true}]}}