{"id":9,"date":"2024-11-26T13:49:37","date_gmt":"2024-11-26T11:49:37","guid":{"rendered":"http:\/\/localhost\/verneri\/selko-dev\/?page_id=9"},"modified":"2025-10-23T11:08:03","modified_gmt":"2025-10-23T08:08:03","slug":"ajankohtaiset","status":"publish","type":"page","link":"https:\/\/verneri.net\/selko\/ajankohtaiset\/","title":{"rendered":"Ajankohtaiset"},"content":{"rendered":"<p>T\u00e4lt\u00e4 sivulta voit lukea ajankohtaisista asioista, kuten Vernerin Instaliveist\u00e4 ja muista tapahtumista.<\/p>\n","protected":false},"excerpt":{"rendered":"<p>T\u00e4lt\u00e4 sivulta voit lukea ajankohtaisista asioista, kuten Vernerin Instaliveist\u00e4 ja muista tapahtumista.<\/p>\n","protected":false},"author":1,"featured_media":17350,"parent":0,"menu_order":92,"comment_status":"closed","ping_status":"closed","template":"page-osiosivu-ajankohtaiset.php","meta":{"_acf_changed":false,"footnotes":""},"class_list":["post-9","page","type-page","status-publish","has-post-thumbnail","hentry"],"acf":[],"_links":{"self":[{"href":"https:\/\/verneri.net\/selko\/wp-json\/wp\/v2\/pages\/9","targetHints":{"allow":["GET"]}}],"collection":[{"href":"https:\/\/verneri.net\/selko\/wp-json\/wp\/v2\/pages"}],"about":[{"href":"https:\/\/verneri.net\/selko\/wp-json\/wp\/v2\/types\/page"}],"author":[{"embeddable":true,"href":"https:\/\/verneri.net\/selko\/wp-json\/wp\/v2\/users\/1"}],"replies":[{"embeddable":true,"href":"https:\/\/verneri.net\/selko\/wp-json\/wp\/v2\/comments?post=9"}],"version-history":[{"count":0,"href":"https:\/\/verneri.net\/selko\/wp-json\/wp\/v2\/pages\/9\/revisions"}],"wp:featuredmedia":[{"embeddable":true,"href":"https:\/\/verneri.net\/selko\/wp-json\/wp\/v2\/media\/17350"}],"wp:attachment":[{"href":"https:\/\/verneri.net\/selko\/wp-json\/wp\/v2\/media?parent=9"}],"curies":[{"name":"wp","href":"https:\/\/api.w.org\/{rel}","templated":true}]}}